{"id":24000,"date":"2025-02-20T23:31:56","date_gmt":"2025-02-20T22:31:56","guid":{"rendered":"https:\/\/olemosaic.com\/producto\/aimant-en-ceramique-mosaique-carreaux-andalous-blanc\/"},"modified":"2025-02-20T23:31:56","modified_gmt":"2025-02-20T22:31:56","slug":"aimant-en-ceramique-mosaique-carreaux-andalous-blanc","status":"publish","type":"product","link":"https:\/\/olemosaic.com\/fr\/produit\/aimant-en-ceramique-mosaique-carreaux-andalous-blanc\/","title":{"rendered":"Aimant en c\u00e9ramique. Mosa\u00efque. Carreaux andalous. Blanc."},"content":{"rendered":"<p>Cet aimant en c\u00e9ramique \u00e0 motif de mosa\u00efque est un v\u00e9ritable hommage \u00e0 la riche tradition de l&rsquo;artisanat espagnol. Fabriqu\u00e9 en c\u00e9ramique de haute qualit\u00e9, il illustre une vari\u00e9t\u00e9 vibrante de motifs dans des tons de bleu, de rouge et de jaune qui \u00e9voquent l&rsquo;essence des carreaux andalous, symbole de l&rsquo;art d\u00e9coratif qui orne de nombreux joyaux architecturaux du pays. Les formes g\u00e9om\u00e9triques, soigneusement r\u00e9parties sur un fond blanc, cr\u00e9ent un effet visuel harmonieux et captivant, \u00e0 la fois moderne et traditionnel.  <\/p>\n<p>Cet aimant n&rsquo;est pas seulement un outil fonctionnel pour embellir n&rsquo;importe quelle surface m\u00e9tallique, mais aussi un moyen d&#8217;emporter chez vous un morceau de la culture espagnole. Parfait comme souvenir, ce motif capture l&rsquo;essence du voyage dans les pays de la tradition mosa\u00efque, laissant des traces d&rsquo;un riche h\u00e9ritage culturel dans chaque maison. Avec ses couleurs attrayantes et son style distinctif, il constitue un excellent choix pour les touristes \u00e0 la recherche d&rsquo;une repr\u00e9sentation authentique de l&rsquo;Espagne.  <\/p>\n<p>Chez Ol\u00e9 Mosaic, experts en distribution de souvenirs, nous vous proposons cet aimant en c\u00e9ramique dans le cadre de notre collection vari\u00e9e de produits typiques. Il s&rsquo;agit d&rsquo;un souvenir qui ravira sans aucun doute les clients des boutiques de souvenirs touristiques qui recherchent la qualit\u00e9 et la pertinence culturelle de leurs produits. Cet aimant en mosa\u00efque est une parfaite illustration de la beaut\u00e9 de l&rsquo;Espagne et un excellent moyen de se souvenir des moments pr\u00e9cieux de votre voyage.  <\/p>\n","protected":false},"excerpt":{"rendered":"<p>Aimant en c\u00e9ramique \u00e0 motif de mosa\u00efque, inspir\u00e9 par la riche tradition de l&rsquo;artisanat espagnol. Cet aimant attrayant pr\u00e9sente une vari\u00e9t\u00e9 de motifs color\u00e9s dans des tons de bleu, de rouge et de jaune, \u00e9voquant l&rsquo;essence des carreaux andalous. Les formes g\u00e9om\u00e9triques se combinent harmonieusement sur un fond blanc, cr\u00e9ant un effet visuel vibrant. Id\u00e9al pour rappeler vos voyages ou pour embellir toute surface m\u00e9tallique. Parfait comme souvenir ou comme cadeau.    <\/p>\n","protected":false},"featured_media":9035,"template":"","meta":{"_acf_changed":false},"product_brand":[],"product_cat":[697],"product_tag":[585],"class_list":{"0":"post-24000","1":"product","2":"type-product","3":"status-publish","4":"has-post-thumbnail","6":"product_cat-aimants","7":"product_tag-ceramique","8":"pa_motivo-mosaique","10":"first","11":"instock","12":"shipping-taxable","13":"product-type-simple"},"acf":[],"_links":{"self":[{"href":"https:\/\/olemosaic.com\/fr\/wp-json\/wp\/v2\/product\/24000","targetHints":{"allow":["GET"]}}],"collection":[{"href":"https:\/\/olemosaic.com\/fr\/wp-json\/wp\/v2\/product"}],"about":[{"href":"https:\/\/olemosaic.com\/fr\/wp-json\/wp\/v2\/types\/product"}],"wp:featuredmedia":[{"embeddable":true,"href":"https:\/\/olemosaic.com\/fr\/wp-json\/wp\/v2\/media\/9035"}],"wp:attachment":[{"href":"https:\/\/olemosaic.com\/fr\/wp-json\/wp\/v2\/media?parent=24000"}],"wp:term":[{"taxonomy":"product_brand","embeddable":true,"href":"https:\/\/olemosaic.com\/fr\/wp-json\/wp\/v2\/product_brand?post=24000"},{"taxonomy":"product_cat","embeddable":true,"href":"https:\/\/olemosaic.com\/fr\/wp-json\/wp\/v2\/product_cat?post=24000"},{"taxonomy":"product_tag","embeddable":true,"href":"https:\/\/olemosaic.com\/fr\/wp-json\/wp\/v2\/product_tag?post=24000"}],"curies":[{"name":"wp","href":"https:\/\/api.w.org\/{rel}","templated":true}]}}