{"id":23997,"date":"2025-02-20T22:31:55","date_gmt":"2025-02-20T22:31:55","guid":{"rendered":"https:\/\/olemosaic.com\/producto\/aimant-en-ceramique-mosaique-blanc\/"},"modified":"2025-02-20T22:31:55","modified_gmt":"2025-02-20T21:31:55","slug":"aimant-en-ceramique-mosaique-blanc","status":"publish","type":"product","link":"https:\/\/olemosaic.com\/fr\/produit\/aimant-en-ceramique-mosaique-blanc\/","title":{"rendered":"Aimant en c\u00e9ramique. Mosa\u00efque. Blanc."},"content":{"rendered":"<p>Cet aimant en c\u00e9ramique, avec son motif de mosa\u00efque color\u00e9, est un objet d\u00e9coratif indispensable pour tout amateur de culture espagnole. Inspir\u00e9 des c\u00e9l\u00e8bres carreaux qui ornent les rues et les b\u00e2timents d&rsquo;Espagne, cet aimant pr\u00e9sente une combinaison vibrante de motifs dans les tons bleu, rouge et orange, \u00e9voquant la richesse du folklore espagnol. Chaque section de la mosa\u00efque a \u00e9t\u00e9 soigneusement r\u00e9alis\u00e9e, mettant en valeur des d\u00e9tails artistiques qui capturent l&rsquo;essence des traditions locales.  <\/p>\n<p>Le design pr\u00e9sente des motifs g\u00e9om\u00e9triques et floraux qui rappellent les c\u00e9ramiques artisanales de diff\u00e9rentes r\u00e9gions, ajoutant une touche culturelle qui transforme n&rsquo;importe quel espace. Sa finition brillante fait ressortir l&rsquo;intensit\u00e9 des couleurs, ce qui fait de cet aimant non seulement un outil pratique pour maintenir des notes ou des photos sur le r\u00e9frig\u00e9rateur, mais aussi un \u00e9l\u00e9ment d\u00e9coratif attrayant. <\/p>\n<p>Cet aimant est un souvenir parfait qui repr\u00e9sente l&rsquo;authenticit\u00e9 de l&rsquo;Espagne et symbolise ses traditions artistiques. Chez Ol\u00e9 Mosaic, nous sommes sp\u00e9cialis\u00e9s dans la distribution de souvenirs en gros, et cet aimant en c\u00e9ramique est un excellent choix pour les boutiques de cadeaux touristiques qui cherchent \u00e0 offrir \u00e0 leurs clients des souvenirs en lien avec la culture espagnole. Ne manquez pas l&rsquo;occasion d&#8217;emporter un morceau d&rsquo;Espagne chez vous.  <\/p>\n","protected":false},"excerpt":{"rendered":"<p>Aimant en c\u00e9ramique avec un motif de mosa\u00efque color\u00e9, id\u00e9al pour d\u00e9corer n&rsquo;importe quel espace. Cet aimant pr\u00e9sente une combinaison vibrante de motifs typiques dans des tons de bleu, de rouge et d&rsquo;orange, inspir\u00e9s des c\u00e9l\u00e8bres carreaux espagnols. Les \u00e9l\u00e9ments d\u00e9coratifs ajoutent une touche culturelle et artistique, capturant l&rsquo;essence du folklore espagnol. Sa finition brillante et les d\u00e9tails de chaque section en font un souvenir parfait de votre visite en Espagne.   <\/p>\n","protected":false},"featured_media":8905,"template":"","meta":{"_acf_changed":false},"product_brand":[],"product_cat":[697],"product_tag":[585],"class_list":{"0":"post-23997","1":"product","2":"type-product","3":"status-publish","4":"has-post-thumbnail","6":"product_cat-aimants","7":"product_tag-ceramique","8":"pa_motivo-mosaique","10":"first","11":"instock","12":"shipping-taxable","13":"product-type-simple"},"acf":[],"_links":{"self":[{"href":"https:\/\/olemosaic.com\/fr\/wp-json\/wp\/v2\/product\/23997","targetHints":{"allow":["GET"]}}],"collection":[{"href":"https:\/\/olemosaic.com\/fr\/wp-json\/wp\/v2\/product"}],"about":[{"href":"https:\/\/olemosaic.com\/fr\/wp-json\/wp\/v2\/types\/product"}],"wp:featuredmedia":[{"embeddable":true,"href":"https:\/\/olemosaic.com\/fr\/wp-json\/wp\/v2\/media\/8905"}],"wp:attachment":[{"href":"https:\/\/olemosaic.com\/fr\/wp-json\/wp\/v2\/media?parent=23997"}],"wp:term":[{"taxonomy":"product_brand","embeddable":true,"href":"https:\/\/olemosaic.com\/fr\/wp-json\/wp\/v2\/product_brand?post=23997"},{"taxonomy":"product_cat","embeddable":true,"href":"https:\/\/olemosaic.com\/fr\/wp-json\/wp\/v2\/product_cat?post=23997"},{"taxonomy":"product_tag","embeddable":true,"href":"https:\/\/olemosaic.com\/fr\/wp-json\/wp\/v2\/product_tag?post=23997"}],"curies":[{"name":"wp","href":"https:\/\/api.w.org\/{rel}","templated":true}]}}