{"id":23993,"date":"2025-02-20T23:31:55","date_gmt":"2025-02-20T22:31:55","guid":{"rendered":"https:\/\/olemosaic.com\/producto\/papillon-bleu-figure-en-mosaique-de-12-cm\/"},"modified":"2025-11-21T13:18:46","modified_gmt":"2025-11-21T12:18:46","slug":"papillon-bleu-figure-en-mosaique-de-12-cm","status":"publish","type":"product","link":"https:\/\/olemosaic.com\/fr\/produit\/papillon-bleu-figure-en-mosaique-de-12-cm\/","title":{"rendered":"Papillon bleu. Figure en mosa\u00efque de 12 cm."},"content":{"rendered":"<p>Ce magnifique souvenir de papillon bleu est une \u00e9l\u00e9gante figurine de 12 cm en r\u00e9sine peinte \u00e0 la main qui capture l&rsquo;essence de la beaut\u00e9 naturelle. Avec un design complexe et des tons bleus vibrants, les ailes du papillon sont d\u00e9licatement d\u00e9cor\u00e9es de motifs de lignes noires qui simulent des veines naturelles, apportant un air de r\u00e9alisme et de sophistication. Les touches de blanc ajoutent un contraste attrayant, tandis que la finition brillante rehausse la luminosit\u00e9 de la pi\u00e8ce, ce qui en fait une d\u00e9coration parfaite pour n&rsquo;importe quel espace.  <\/p>\n<p>Le papillon, symbole de transformation et de libert\u00e9, est un \u00e9l\u00e9ment r\u00e9current de la culture espagnole, \u00e9voquant la riche biodiversit\u00e9 du pays et son appr\u00e9ciation de la nature. Ce souvenir est id\u00e9al non seulement pour ceux qui cherchent un souvenir repr\u00e9sentatif de leur visite, mais aussi pour ceux qui souhaitent ajouter une touche de joie et de couleur \u00e0 leur maison. <\/p>\n<p>Chez Ol\u00e9 Mosaic, nous offrons une s\u00e9lection exclusive de souvenirs qui refl\u00e8tent l&rsquo;authenticit\u00e9 et l&rsquo;artisanat typiques de l&rsquo;Espagne, et ce produit vedette est un choix parfait pour les boutiques de cadeaux touristiques. En achetant cette figurine de papillon, vous obtenez non seulement un charmant ornement, mais aussi une pi\u00e8ce qui c\u00e9l\u00e8bre la beaut\u00e9 culturelle et naturelle de la r\u00e9gion. En tant que grossiste en souvenirs, nous veillons \u00e0 ce que chaque produit soit une repr\u00e9sentation fid\u00e8le et de qualit\u00e9 que les touristes ch\u00e9riront.  <\/p>\n","protected":false},"excerpt":{"rendered":"<p>Figurine de papillon bleu, d&rsquo;une taille de 12 cm, peinte \u00e0 la main. Ce charmant souvenir pr\u00e9sente un motif d\u00e9taill\u00e9 avec des ailes dans des tons bleus \u00e9clatants, d\u00e9cor\u00e9es d&rsquo;un motif complexe de lignes noires simulant des veines naturelles. Les touches de blanc cr\u00e9ent un contraste saisissant et la finition brillante met en valeur la beaut\u00e9 de la figurine. Id\u00e9al pour d\u00e9corer les espaces et \u00e9voquer l&rsquo;essence de la nature dans n&rsquo;importe quelle maison.   <\/p>\n","protected":false},"featured_media":11064,"template":"","meta":{"_acf_changed":false},"product_brand":[],"product_cat":[540],"product_tag":[530],"class_list":{"0":"post-23993","1":"product","2":"type-product","3":"status-publish","4":"has-post-thumbnail","6":"product_cat-chiffres","7":"product_tag-animaux","8":"pa_motivo-papillons","10":"first","11":"instock","12":"shipping-taxable","13":"product-type-simple"},"acf":[],"_links":{"self":[{"href":"https:\/\/olemosaic.com\/fr\/wp-json\/wp\/v2\/product\/23993","targetHints":{"allow":["GET"]}}],"collection":[{"href":"https:\/\/olemosaic.com\/fr\/wp-json\/wp\/v2\/product"}],"about":[{"href":"https:\/\/olemosaic.com\/fr\/wp-json\/wp\/v2\/types\/product"}],"wp:featuredmedia":[{"embeddable":true,"href":"https:\/\/olemosaic.com\/fr\/wp-json\/wp\/v2\/media\/11064"}],"wp:attachment":[{"href":"https:\/\/olemosaic.com\/fr\/wp-json\/wp\/v2\/media?parent=23993"}],"wp:term":[{"taxonomy":"product_brand","embeddable":true,"href":"https:\/\/olemosaic.com\/fr\/wp-json\/wp\/v2\/product_brand?post=23993"},{"taxonomy":"product_cat","embeddable":true,"href":"https:\/\/olemosaic.com\/fr\/wp-json\/wp\/v2\/product_cat?post=23993"},{"taxonomy":"product_tag","embeddable":true,"href":"https:\/\/olemosaic.com\/fr\/wp-json\/wp\/v2\/product_tag?post=23993"}],"curies":[{"name":"wp","href":"https:\/\/api.w.org\/{rel}","templated":true}]}}