{"id":23985,"date":"2025-02-20T23:31:54","date_gmt":"2025-02-20T22:31:54","guid":{"rendered":"https:\/\/olemosaic.com\/producto\/bol-en-noix-de-coco-rouge-hippocampe-mediterranee-barcelone\/"},"modified":"2025-02-20T23:31:54","modified_gmt":"2025-02-20T22:31:54","slug":"bol-en-noix-de-coco-rouge-hippocampe-mediterranee-barcelone","status":"publish","type":"product","link":"https:\/\/olemosaic.com\/fr\/produit\/bol-en-noix-de-coco-rouge-hippocampe-mediterranee-barcelone\/","title":{"rendered":"Bol en noix de coco rouge. Hippocampe. M\u00e9diterran\u00e9e. Barcelone."},"content":{"rendered":"<p>Cet exquis bol \u00e0 noix de coco rouge, d\u00e9cor\u00e9 d&rsquo;un \u00e9l\u00e9gant hippocampe, est un merveilleux souvenir de Barcelone, id\u00e9al pour ceux qui souhaitent ramener chez eux un morceau de la riche culture m\u00e9diterran\u00e9enne. Fabriqu\u00e9 \u00e0 la main, ce bol se distingue par sa couleur rouge vif, qui \u00e9voque le charme vibrant de la ville. La surface est soigneusement peinte \u00e0 la main avec des d\u00e9tails complexes de couleur or, cr\u00e9ant un contraste fascinant qui met en valeur la figure centrale de l&rsquo;hippocampe. Cette touche d\u00e9corative n&rsquo;est pas seulement une repr\u00e9sentation artistique, mais aussi un symbole de la biodiversit\u00e9 marine qui entoure la ville, ce qui en fait une pi\u00e8ce unique.   <\/p>\n<p>Le design pr\u00e9sente des motifs d\u00e9licats rappelant les vagues de l&rsquo;eau, \u00e9voquant la tranquillit\u00e9 de la mer M\u00e9diterran\u00e9e. L&rsquo;attention port\u00e9e aux d\u00e9tails, y compris la silhouette minutieuse de l&rsquo;hippocampe, fait de ce bol un objet vraiment sp\u00e9cial, parfait pour mettre en valeur l&rsquo;essence de Barcelone dans n&rsquo;importe quelle maison. En tant que souvenir authentique, ce bol n&rsquo;est pas seulement d\u00e9coratif mais aussi fonctionnel, id\u00e9al pour pr\u00e9senter des fruits, servir des snacks ou simplement comme \u00e9l\u00e9ment d\u00e9coratif.  <\/p>\n<p>Chez Ol\u00e9 MOSAIC, nous sommes sp\u00e9cialis\u00e9s dans la distribution de souvenirs en gros, en veillant \u00e0 ce que chaque pi\u00e8ce, comme ce bol en noix de coco rouge, porte en elle un morceau de la culture et de la tradition catalanes. Ce bol est un excellent choix pour les boutiques de cadeaux touristiques qui cherchent \u00e0 offrir des produits de qualit\u00e9 avec un lien culturel significatif. <\/p>\n","protected":false},"excerpt":{"rendered":"<p>Bol en noix de coco rouge d\u00e9cor\u00e9 d&rsquo;un \u00e9l\u00e9gant hippocampe, un souvenir typique de Barcelone. Ce magnifique souvenir pr\u00e9sente un motif artisanal peint \u00e0 la main dans des tons d&rsquo;or et de rouge qui \u00e9voquent la riche culture de la ville. La figure centrale de l&rsquo;hippocampe est minutieusement d\u00e9taill\u00e9e, mettant en valeur sa silhouette sur un fond aux motifs d\u00e9licats, ce qui en fait une pi\u00e8ce unique qui capture l&rsquo;essence de la M\u00e9diterran\u00e9e.  <\/p>\n","protected":false},"featured_media":10140,"template":"","meta":{"_acf_changed":false},"product_brand":[],"product_cat":[521],"product_tag":[530],"class_list":{"0":"post-23985","1":"product","2":"type-product","3":"status-publish","4":"has-post-thumbnail","6":"product_cat-bols","7":"product_tag-animaux","8":"pa_ciudad-barcelona","9":"pa_motivo-hippocampes","10":"pa_pais-espana","12":"first","13":"instock","14":"shipping-taxable","15":"product-type-simple"},"acf":[],"_links":{"self":[{"href":"https:\/\/olemosaic.com\/fr\/wp-json\/wp\/v2\/product\/23985","targetHints":{"allow":["GET"]}}],"collection":[{"href":"https:\/\/olemosaic.com\/fr\/wp-json\/wp\/v2\/product"}],"about":[{"href":"https:\/\/olemosaic.com\/fr\/wp-json\/wp\/v2\/types\/product"}],"wp:featuredmedia":[{"embeddable":true,"href":"https:\/\/olemosaic.com\/fr\/wp-json\/wp\/v2\/media\/10140"}],"wp:attachment":[{"href":"https:\/\/olemosaic.com\/fr\/wp-json\/wp\/v2\/media?parent=23985"}],"wp:term":[{"taxonomy":"product_brand","embeddable":true,"href":"https:\/\/olemosaic.com\/fr\/wp-json\/wp\/v2\/product_brand?post=23985"},{"taxonomy":"product_cat","embeddable":true,"href":"https:\/\/olemosaic.com\/fr\/wp-json\/wp\/v2\/product_cat?post=23985"},{"taxonomy":"product_tag","embeddable":true,"href":"https:\/\/olemosaic.com\/fr\/wp-json\/wp\/v2\/product_tag?post=23985"}],"curies":[{"name":"wp","href":"https:\/\/api.w.org\/{rel}","templated":true}]}}