{"id":23973,"date":"2025-02-20T23:31:53","date_gmt":"2025-02-20T22:31:53","guid":{"rendered":"https:\/\/olemosaic.com\/producto\/coquetier-en-ceramique-salamandre-art-moderniste-barcelone-beige\/"},"modified":"2025-11-21T13:18:35","modified_gmt":"2025-11-21T12:18:35","slug":"coquetier-en-ceramique-salamandre-art-moderniste-barcelone-beige","status":"publish","type":"product","link":"https:\/\/olemosaic.com\/fr\/produit\/coquetier-en-ceramique-salamandre-art-moderniste-barcelone-beige\/","title":{"rendered":"Coquetier en c\u00e9ramique. Salamandre. Art moderniste. Barcelone.    Beige"},"content":{"rendered":"<p>Ce souvenir unique de Barcelone est un coquetier en c\u00e9ramique orn\u00e9 d&rsquo;un motif de salamandre vibrant, qui capture l&rsquo;essence de l&rsquo;art moderniste de la ville. Fabriqu\u00e9 en c\u00e9ramique de haute qualit\u00e9, le coquetier pr\u00e9sente une finition brillante et un ton beige attrayant qui allie \u00e9l\u00e9gance et fonctionnalit\u00e9. Peint \u00e0 la main, il pr\u00e9sente une repr\u00e9sentation color\u00e9e de salamandres, symbole de la riche diversit\u00e9 de la faune catalane, accompagn\u00e9e de joyeux motifs floraux qui apportent fra\u00eecheur et dynamisme.  <\/p>\n<p>Le bord rouge fonc\u00e9 rehausse la forme \u00e9l\u00e9gante du coquetier, tandis que le texte \u00ab\u00a0Barcelona\u00a0\u00bb est soigneusement inscrit autour du bord, ce qui en fait un souvenir embl\u00e9matique pour tout visiteur de cette ville embl\u00e9matique. Id\u00e9al pour prendre le petit-d\u00e9jeuner avec style, ce produit n&rsquo;est pas seulement pratique, il est aussi un souvenir repr\u00e9sentatif de la culture barcelonaise. <\/p>\n<p>Chez Ol\u00e9 Mosaic, nous sommes sp\u00e9cialis\u00e9s dans la distribution en gros de souvenirs authentiques et de qualit\u00e9, et ce coquetier en c\u00e9ramique est un excellent choix pour les boutiques de cadeaux touristiques. Ce coquetier en c\u00e9ramique est un excellent choix pour les boutiques de cadeaux touristiques. Il souligne le lien culturel avec Barcelone et offre aux touristes la possibilit\u00e9 de ramener chez eux un morceau de cette ville captivante. En tant que grossiste en c\u00e9ramique, nous garantissons des designs uniques qui c\u00e9l\u00e8brent le riche h\u00e9ritage de l&rsquo;Espagne.  <\/p>\n","protected":false},"excerpt":{"rendered":"<p>Coquetier en c\u00e9ramique avec un motif de salamandre color\u00e9, inspir\u00e9 par la culture vibrante de Barcelone. Cette pi\u00e8ce beige pr\u00e9sente une finition brillante et des d\u00e9tails peints \u00e0 la main, tels que des motifs floraux et les embl\u00e9matiques salamandres, caract\u00e9ristiques de l&rsquo;art moderniste de la ville. Avec un bord rouge qui rehausse sa forme \u00e9l\u00e9gante et l&rsquo;inscription \u00ab\u00a0Barcelona\u00a0\u00bb, il s&rsquo;agit d&rsquo;un souvenir pratique et attrayant, parfait pour prendre le petit-d\u00e9jeuner avec style.  <\/p>\n","protected":false},"featured_media":7348,"template":"","meta":{"_acf_changed":false},"product_brand":[],"product_cat":[681],"product_tag":[530,585],"class_list":{"0":"post-23973","1":"product","2":"type-product","3":"status-publish","4":"has-post-thumbnail","6":"product_cat-coquetiers","7":"product_tag-animaux","8":"product_tag-ceramique","9":"pa_ciudad-barcelona","10":"pa_motivo-salamandres","11":"pa_pais-espana","13":"first","14":"instock","15":"shipping-taxable","16":"product-type-simple"},"acf":[],"_links":{"self":[{"href":"https:\/\/olemosaic.com\/fr\/wp-json\/wp\/v2\/product\/23973","targetHints":{"allow":["GET"]}}],"collection":[{"href":"https:\/\/olemosaic.com\/fr\/wp-json\/wp\/v2\/product"}],"about":[{"href":"https:\/\/olemosaic.com\/fr\/wp-json\/wp\/v2\/types\/product"}],"wp:featuredmedia":[{"embeddable":true,"href":"https:\/\/olemosaic.com\/fr\/wp-json\/wp\/v2\/media\/7348"}],"wp:attachment":[{"href":"https:\/\/olemosaic.com\/fr\/wp-json\/wp\/v2\/media?parent=23973"}],"wp:term":[{"taxonomy":"product_brand","embeddable":true,"href":"https:\/\/olemosaic.com\/fr\/wp-json\/wp\/v2\/product_brand?post=23973"},{"taxonomy":"product_cat","embeddable":true,"href":"https:\/\/olemosaic.com\/fr\/wp-json\/wp\/v2\/product_cat?post=23973"},{"taxonomy":"product_tag","embeddable":true,"href":"https:\/\/olemosaic.com\/fr\/wp-json\/wp\/v2\/product_tag?post=23973"}],"curies":[{"name":"wp","href":"https:\/\/api.w.org\/{rel}","templated":true}]}}