{"id":23967,"date":"2025-02-20T23:31:54","date_gmt":"2025-02-20T22:31:54","guid":{"rendered":"https:\/\/olemosaic.com\/producto\/bol-en-noix-de-coco-marron-main\/"},"modified":"2025-02-20T23:31:54","modified_gmt":"2025-02-20T22:31:54","slug":"bol-en-noix-de-coco-marron-main","status":"publish","type":"product","link":"https:\/\/olemosaic.com\/fr\/produit\/bol-en-noix-de-coco-marron-main\/","title":{"rendered":"Bol en noix de coco marron. Main."},"content":{"rendered":"<p>Ce bol \u00e0 noix de coco marron unique, authentique \u0153uvre d&rsquo;art faite \u00e0 la main, est id\u00e9al pour ceux qui recherchent un souvenir authentique et repr\u00e9sentatif. Son int\u00e9rieur dor\u00e9 brille de mille feux, mettant en valeur la beaut\u00e9 naturelle de la noix de coco et ajoutant une touche d&rsquo;\u00e9l\u00e9gance \u00e0 tout espace. Avec un design tr\u00e8s particulier, le centre du bol pr\u00e9sente l&rsquo;illustration de la main de Fatima, symbole de protection et de chance, peinte dans une couleur brune profonde qui contraste parfaitement avec la finition dor\u00e9e de la surface. La texture brillante et d\u00e9licate de la coupe en fait un \u00e9l\u00e9ment d\u00e9coratif attrayant, parfait pour \u00eatre expos\u00e9 sur des \u00e9tag\u00e8res ou des tables basses.   <\/p>\n<p>Chaque bol est unique, fruit d&rsquo;un travail artisanal m\u00e9ticuleux qui allie tradition et style contemporain. \u00c9voquant les riches traditions culturelles de la r\u00e9gion, ce souvenir est un excellent cadeau pour ceux qui souhaitent ramener chez eux un morceau de la culture locale. Chez Ol\u00e9 MOSAIC, nous sommes fiers d&rsquo;\u00eatre un distributeur de souvenirs en gros offrant des produits authentiques et de qualit\u00e9, tels que ce bol en noix de coco marron, qui enthousiasmera les touristes et les collectionneurs. Avec sa double fonction, id\u00e9ale pour d\u00e9corer et ranger de petits objets, ce bol est un choix parfait pour les boutiques de cadeaux touristiques qui cherchent \u00e0 \u00e9largir leur gamme de produits.   <\/p>\n","protected":false},"excerpt":{"rendered":"<p>Bol en noix de coco brun fait \u00e0 la main, avec un int\u00e9rieur dor\u00e9 qui rehausse sa beaut\u00e9 naturelle. Ce bol unique pr\u00e9sente un design tr\u00e8s particulier avec l&rsquo;illustration de la main de Fatima, symbole de protection, dans un ton brun fonc\u00e9. La surface dor\u00e9e pr\u00e9sente une finition brillante et textur\u00e9e, id\u00e9ale pour la d\u00e9coration ou pour ranger de petits objets. Sa fabrication artisanale garantit un produit unique, alliant tradition et style contemporain.   <\/p>\n","protected":false},"featured_media":13432,"template":"","meta":{"_acf_changed":false},"product_brand":[],"product_cat":[521],"product_tag":[],"class_list":{"0":"post-23967","1":"product","2":"type-product","3":"status-publish","4":"has-post-thumbnail","6":"product_cat-bols","7":"pa_motivo-mains","9":"first","10":"instock","11":"shipping-taxable","12":"product-type-simple"},"acf":[],"_links":{"self":[{"href":"https:\/\/olemosaic.com\/fr\/wp-json\/wp\/v2\/product\/23967","targetHints":{"allow":["GET"]}}],"collection":[{"href":"https:\/\/olemosaic.com\/fr\/wp-json\/wp\/v2\/product"}],"about":[{"href":"https:\/\/olemosaic.com\/fr\/wp-json\/wp\/v2\/types\/product"}],"wp:featuredmedia":[{"embeddable":true,"href":"https:\/\/olemosaic.com\/fr\/wp-json\/wp\/v2\/media\/13432"}],"wp:attachment":[{"href":"https:\/\/olemosaic.com\/fr\/wp-json\/wp\/v2\/media?parent=23967"}],"wp:term":[{"taxonomy":"product_brand","embeddable":true,"href":"https:\/\/olemosaic.com\/fr\/wp-json\/wp\/v2\/product_brand?post=23967"},{"taxonomy":"product_cat","embeddable":true,"href":"https:\/\/olemosaic.com\/fr\/wp-json\/wp\/v2\/product_cat?post=23967"},{"taxonomy":"product_tag","embeddable":true,"href":"https:\/\/olemosaic.com\/fr\/wp-json\/wp\/v2\/product_tag?post=23967"}],"curies":[{"name":"wp","href":"https:\/\/api.w.org\/{rel}","templated":true}]}}