{"id":23965,"date":"2025-02-20T22:31:53","date_gmt":"2025-02-20T22:31:53","guid":{"rendered":"https:\/\/olemosaic.com\/producto\/coque-pour-iphone-11-promax-tpu-salamandra-barcelone-blanc\/"},"modified":"2025-02-20T22:31:53","modified_gmt":"2025-02-20T21:31:53","slug":"coque-pour-iphone-11-promax-tpu-salamandra-barcelone-blanc","status":"publish","type":"product","link":"https:\/\/olemosaic.com\/fr\/produit\/coque-pour-iphone-11-promax-tpu-salamandra-barcelone-blanc\/","title":{"rendered":"Coque pour iPhone 11 Promax (TPU). Salamandra. Barcelone.   Blanc"},"content":{"rendered":"<p>Cette coque TPU pour iPhone 11 Pro Max est le choix id\u00e9al pour les amoureux de l&rsquo;art et de la culture de Barcelone. Elle allie style et fonctionnalit\u00e9, avec une illustration vibrante de salamandres et de fleurs, inspir\u00e9e de la c\u00e9l\u00e8bre mosa\u00efque de Gaud\u00ed, l&rsquo;une des ic\u00f4nes les plus repr\u00e9sentatives de la ville. Le design comporte des d\u00e9tails color\u00e9s en bleu, rouge et vert qui donnent vie \u00e0 l&rsquo;image, sur un fond blanc qui souligne la fra\u00eecheur et l&rsquo;\u00e9nergie des \u00e9l\u00e9ments visuels.  <\/p>\n<p>La disposition artistique des salamandres et des fleurs d\u00e9licates \u00e9voque la nature luxuriante de Barcelone, tandis que le texte \u00ab\u00a0Barcelona\u00a0\u00bb ajoute une touche distinctive qui capture l&rsquo;essence de cette ville enchanteresse. Chaque \u00e9tui offre non seulement une protection optimale \u00e0 l&rsquo;appareil, mais constitue \u00e9galement un rappel artistique du riche patrimoine culturel local. <\/p>\n<p>Chez Ol\u00e9 Mosaic, nous proposons cet \u00e9tui dans notre s\u00e9lection de souvenirs authentiques de Barcelone, id\u00e9al pour les boutiques de cadeaux touristiques \u00e0 la recherche de produits innovants et de qualit\u00e9. Ce souvenir est une excellente id\u00e9e pour les visiteurs de Barcelone, mais aussi un symbole de l&rsquo;art et du design uniques qui caract\u00e9risent cette ville, garantissant que chaque achat est un souvenir m\u00e9morable. <\/p>\n","protected":false},"excerpt":{"rendered":"<p>Coque en TPU pour iPhone 11 Pro Max, orn\u00e9e d&rsquo;une illustration vibrante de salamandres et de fleurs. Ce design, inspir\u00e9 de la c\u00e9l\u00e8bre mosa\u00efque de Barcelone de Gaudi, pr\u00e9sente des d\u00e9tails dans des couleurs vives telles que le bleu, le rouge et le vert sur un fond blanc. Le texte \u00ab\u00a0Barcelona\u00a0\u00bb ajoute une touche distinctive, capturant l&rsquo;essence artistique de la ville. Id\u00e9al pour ceux qui recherchent style et protection pour leur appareil.   <\/p>\n","protected":false},"featured_media":12195,"template":"","meta":{"_acf_changed":false},"product_brand":[],"product_cat":[674],"product_tag":[530],"class_list":{"0":"post-23965","1":"product","2":"type-product","3":"status-publish","4":"has-post-thumbnail","6":"product_cat-etuis-pour-telephones-portables","7":"product_tag-animaux","8":"pa_ciudad-barcelona","9":"pa_motivo-salamandres","10":"pa_pais-espana","12":"first","13":"instock","14":"shipping-taxable","15":"product-type-simple"},"acf":[],"_links":{"self":[{"href":"https:\/\/olemosaic.com\/fr\/wp-json\/wp\/v2\/product\/23965","targetHints":{"allow":["GET"]}}],"collection":[{"href":"https:\/\/olemosaic.com\/fr\/wp-json\/wp\/v2\/product"}],"about":[{"href":"https:\/\/olemosaic.com\/fr\/wp-json\/wp\/v2\/types\/product"}],"wp:featuredmedia":[{"embeddable":true,"href":"https:\/\/olemosaic.com\/fr\/wp-json\/wp\/v2\/media\/12195"}],"wp:attachment":[{"href":"https:\/\/olemosaic.com\/fr\/wp-json\/wp\/v2\/media?parent=23965"}],"wp:term":[{"taxonomy":"product_brand","embeddable":true,"href":"https:\/\/olemosaic.com\/fr\/wp-json\/wp\/v2\/product_brand?post=23965"},{"taxonomy":"product_cat","embeddable":true,"href":"https:\/\/olemosaic.com\/fr\/wp-json\/wp\/v2\/product_cat?post=23965"},{"taxonomy":"product_tag","embeddable":true,"href":"https:\/\/olemosaic.com\/fr\/wp-json\/wp\/v2\/product_tag?post=23965"}],"curies":[{"name":"wp","href":"https:\/\/api.w.org\/{rel}","templated":true}]}}