{"id":23955,"date":"2025-02-20T23:31:53","date_gmt":"2025-02-20T22:31:53","guid":{"rendered":"https:\/\/olemosaic.com\/producto\/pichet-en-ceramique-mosaique-lalhambra-grenade-beige\/"},"modified":"2025-02-20T23:31:53","modified_gmt":"2025-02-20T22:31:53","slug":"pichet-en-ceramique-mosaique-lalhambra-grenade-beige","status":"publish","type":"product","link":"https:\/\/olemosaic.com\/fr\/produit\/pichet-en-ceramique-mosaique-lalhambra-grenade-beige\/","title":{"rendered":"Pichet en c\u00e9ramique. Mosa\u00efque. L&rsquo;Alhambra. Grenade. Beige."},"content":{"rendered":"<p>Voici une magnifique pi\u00e8ce souvenir : une cruche d\u00e9corative en c\u00e9ramique inspir\u00e9e par le majestueux Alhambra de Grenade. Cette pi\u00e8ce se distingue par son design vibrant dans les tons beige, rouge et vert, qui capture l&rsquo;essence de la forteresse embl\u00e9matique et de ses jardins enchanteurs dans un style mosa\u00efque distinctif. Chaque d\u00e9tail, des fa\u00e7ades de l&rsquo;Alhambra \u00e0 la riche v\u00e9g\u00e9tation qui l&rsquo;entoure, a \u00e9t\u00e9 m\u00e9ticuleusement peint \u00e0 la main, ce qui fait de chaque carafe un objet unique et sp\u00e9cial. La partie sup\u00e9rieure pr\u00e9sente un bord r\u00e9gulier qui lui conf\u00e8re un aspect traditionnel, tandis que l&rsquo;anse robuste permet de la manipuler facilement. En outre, la base, orn\u00e9e de motifs g\u00e9om\u00e9triques, \u00e9voque le riche h\u00e9ritage culturel de l&rsquo;Espagne, faisant de cette carafe non seulement un ustensile pour d\u00e9guster des boissons, mais aussi une pi\u00e8ce d\u00e9corative qui embellit n&rsquo;importe quel coin de la maison. Ce souvenir de l&rsquo;Alhambra est id\u00e9al pour les touristes qui souhaitent ramener chez eux un morceau de l&rsquo;histoire et de la culture de Grenade. Chez Ol\u00e9 Mosaic, nous sommes sp\u00e9cialis\u00e9s dans la distribution en gros de souvenirs, et proposons des tasses authentiques qui refl\u00e8tent la tradition et l&rsquo;art. Parfaite pour les boutiques de cadeaux touristiques, cette tasse en c\u00e9ramique repr\u00e9sente un lien authentique avec la richesse culturelle de Grenade.       <\/p>\n","protected":false},"excerpt":{"rendered":"<p>Pichet d\u00e9coratif en c\u00e9ramique inspir\u00e9 de la majestueuse Alhambra de Grenade. Cette pi\u00e8ce pr\u00e9sente un motif vibrant dans les tons beige, rouge et vert repr\u00e9sentant la forteresse embl\u00e9matique et ses jardins, le tout dans un style mosa\u00efque. Les d\u00e9tails color\u00e9s \u00e9voquent le riche patrimoine culturel de la r\u00e9gion. Avec une finition artisanale peinte \u00e0 la main, cette cruche est id\u00e9ale pour d\u00e9guster des boissons ou comme \u00e9l\u00e9ment d\u00e9coratif dans votre maison.   <\/p>\n","protected":false},"featured_media":7520,"template":"","meta":{"_acf_changed":false},"product_brand":[],"product_cat":[632],"product_tag":[585],"class_list":{"0":"post-23955","1":"product","2":"type-product","3":"status-publish","4":"has-post-thumbnail","6":"product_cat-jugs","7":"product_tag-ceramique","8":"pa_ciudad-granada","9":"pa_motivo-lalhambra","10":"pa_pais-espana","12":"first","13":"instock","14":"shipping-taxable","15":"product-type-simple"},"acf":[],"_links":{"self":[{"href":"https:\/\/olemosaic.com\/fr\/wp-json\/wp\/v2\/product\/23955","targetHints":{"allow":["GET"]}}],"collection":[{"href":"https:\/\/olemosaic.com\/fr\/wp-json\/wp\/v2\/product"}],"about":[{"href":"https:\/\/olemosaic.com\/fr\/wp-json\/wp\/v2\/types\/product"}],"wp:featuredmedia":[{"embeddable":true,"href":"https:\/\/olemosaic.com\/fr\/wp-json\/wp\/v2\/media\/7520"}],"wp:attachment":[{"href":"https:\/\/olemosaic.com\/fr\/wp-json\/wp\/v2\/media?parent=23955"}],"wp:term":[{"taxonomy":"product_brand","embeddable":true,"href":"https:\/\/olemosaic.com\/fr\/wp-json\/wp\/v2\/product_brand?post=23955"},{"taxonomy":"product_cat","embeddable":true,"href":"https:\/\/olemosaic.com\/fr\/wp-json\/wp\/v2\/product_cat?post=23955"},{"taxonomy":"product_tag","embeddable":true,"href":"https:\/\/olemosaic.com\/fr\/wp-json\/wp\/v2\/product_tag?post=23955"}],"curies":[{"name":"wp","href":"https:\/\/api.w.org\/{rel}","templated":true}]}}