{"id":23950,"date":"2025-02-20T22:31:51","date_gmt":"2025-02-20T22:31:51","guid":{"rendered":"https:\/\/olemosaic.com\/producto\/assiette-en-ceramique-de-15-cm-fleurs-barcelone-blanc\/"},"modified":"2025-11-21T13:18:24","modified_gmt":"2025-11-21T12:18:24","slug":"assiette-en-ceramique-de-15-cm-fleurs-barcelone-blanc","status":"publish","type":"product","link":"https:\/\/olemosaic.com\/fr\/produit\/assiette-en-ceramique-de-15-cm-fleurs-barcelone-blanc\/","title":{"rendered":"Assiette en c\u00e9ramique de 15 cm. Fleurs. Barcelone. Blanc."},"content":{"rendered":"<p>Cette charmante assiette en c\u00e9ramique de 15 cm est une pi\u00e8ce d\u00e9corative qui capture l&rsquo;essence de Barcelone \u00e0 travers un design floral vibrant. D&rsquo;un blanc brillant, l&rsquo;assiette est orn\u00e9e d&rsquo;une mosa\u00efque color\u00e9e qui \u00e9voque la majest\u00e9 de l&rsquo;architecture d&rsquo;Antoni Gaud\u00ed, l&rsquo;un des symboles les plus embl\u00e9matiques de la ville. Les fleurs, dans les tons rouge, bleu, jaune et vert, s&rsquo;entrelacent harmonieusement, cr\u00e9ant un effet visuel qui met en valeur la diversit\u00e9 et l&rsquo;esprit cr\u00e9atif de Barcelone. L&rsquo;inscription \u00ab\u00a0Barcelona\u00a0\u00bb ajoute une touche personnelle et significative, ce qui en fait un souvenir id\u00e9al de cette m\u00e9tropole dynamique. Son design n&rsquo;est pas seulement attrayant, il offre \u00e9galement un lien culturel profond, rappelant aux visiteurs la riche histoire et l&rsquo;h\u00e9ritage artistique qui caract\u00e9risent Barcelone. Cette plaque d\u00e9corative est un excellent choix pour ceux qui recherchent des souvenirs authentiques et de qualit\u00e9 de Barcelone. Chez Ol\u00e9 Mosaic, nous sommes sp\u00e9cialis\u00e9s dans la distribution en gros de souvenirs qui c\u00e9l\u00e8brent le patrimoine culturel, et cette assiette en c\u00e9ramique est un exemple parfait pour les boutiques de cadeaux touristiques qui souhaitent offrir des articles exclusifs repr\u00e9sentatifs de la tradition artistique de l&rsquo;Espagne.      <\/p>\n","protected":false},"excerpt":{"rendered":"<p>Assiette en c\u00e9ramique de 15 cm, d\u00e9cor\u00e9e d&rsquo;un vibrant motif floral en rouge, bleu, jaune et vert, inspir\u00e9 de l&rsquo;architecture embl\u00e9matique de Barcelone. Cette assiette, d&rsquo;un blanc brillant, pr\u00e9sente une technique de mosa\u00efque qui \u00e9voque le c\u00e9l\u00e8bre style de Gaud\u00ed. Avec le mot \u00ab\u00a0Barcelona\u00a0\u00bb imprim\u00e9 dessus, c&rsquo;est une pi\u00e8ce id\u00e9ale pour vous rappeler la beaut\u00e9 de la ville et ajoutera une touche artistique \u00e0 n&rsquo;importe quelle maison.  <\/p>\n","protected":false},"featured_media":9071,"template":"","meta":{"_acf_changed":false},"product_brand":[],"product_cat":[656],"product_tag":[585],"class_list":{"0":"post-23950","1":"product","2":"type-product","3":"status-publish","4":"has-post-thumbnail","6":"product_cat-assiettes-decoratives","7":"product_tag-ceramique","8":"pa_ciudad-barcelona","9":"pa_motivo-fleurs","10":"pa_pais-espana","12":"first","13":"instock","14":"shipping-taxable","15":"product-type-simple"},"acf":[],"_links":{"self":[{"href":"https:\/\/olemosaic.com\/fr\/wp-json\/wp\/v2\/product\/23950","targetHints":{"allow":["GET"]}}],"collection":[{"href":"https:\/\/olemosaic.com\/fr\/wp-json\/wp\/v2\/product"}],"about":[{"href":"https:\/\/olemosaic.com\/fr\/wp-json\/wp\/v2\/types\/product"}],"wp:featuredmedia":[{"embeddable":true,"href":"https:\/\/olemosaic.com\/fr\/wp-json\/wp\/v2\/media\/9071"}],"wp:attachment":[{"href":"https:\/\/olemosaic.com\/fr\/wp-json\/wp\/v2\/media?parent=23950"}],"wp:term":[{"taxonomy":"product_brand","embeddable":true,"href":"https:\/\/olemosaic.com\/fr\/wp-json\/wp\/v2\/product_brand?post=23950"},{"taxonomy":"product_cat","embeddable":true,"href":"https:\/\/olemosaic.com\/fr\/wp-json\/wp\/v2\/product_cat?post=23950"},{"taxonomy":"product_tag","embeddable":true,"href":"https:\/\/olemosaic.com\/fr\/wp-json\/wp\/v2\/product_tag?post=23950"}],"curies":[{"name":"wp","href":"https:\/\/api.w.org\/{rel}","templated":true}]}}