{"id":23945,"date":"2025-02-20T23:31:52","date_gmt":"2025-02-20T22:31:52","guid":{"rendered":"https:\/\/olemosaic.com\/producto\/boule-de-noel-avec-sa-boite-vue-panoramique-pont-de-tolede-madrid\/"},"modified":"2025-02-20T23:31:52","modified_gmt":"2025-02-20T22:31:52","slug":"boule-de-noel-avec-sa-boite-vue-panoramique-pont-de-tolede-madrid","status":"publish","type":"product","link":"https:\/\/olemosaic.com\/fr\/produit\/boule-de-noel-avec-sa-boite-vue-panoramique-pont-de-tolede-madrid\/","title":{"rendered":"Boule de No\u00ebl avec sa bo\u00eete. Vue panoramique. Pont de Tol\u00e8de. Madrid."},"content":{"rendered":"<p>Ce charmant souvenir est une boule de No\u00ebl en c\u00e9ramique d\u00e9cor\u00e9e d&rsquo;un panorama vibrant de Madrid, capturant l&rsquo;essence de la ville dans ses moindres d\u00e9tails. Elle comporte des illustrations color\u00e9es de l&#8217;embl\u00e9matique pont de Tol\u00e8de, un symbole qui illustre la riche histoire et la beaut\u00e9 architecturale de la capitale espagnole. La boule, fabriqu\u00e9e en c\u00e9ramique de haute qualit\u00e9, comporte de fins d\u00e9tails en mosa\u00efque qui \u00e9voquent l&rsquo;art madril\u00e8ne traditionnel, ajoutant une touche culturelle qui en fait une ressource d\u00e9corative exceptionnelle.  <\/p>\n<p>Le design de la boule se distingue non seulement par ses couleurs vives, mais aussi par le ruban rouge qui l&rsquo;accompagne, ce qui permet de la placer facilement sur l&rsquo;arbre de No\u00ebl et d&rsquo;en am\u00e9liorer l&rsquo;aspect visuel. Cet ornement festif est parfait non seulement pour ajouter une touche de No\u00ebl \u00e0 n&rsquo;importe quelle maison, mais aussi comme souvenir significatif pour ceux qui veulent ramener un petit morceau de Madrid chez eux. <\/p>\n<p>Chez Ol\u00e9 Mosaic, nous comprenons l&rsquo;importance d&rsquo;offrir des souvenirs authentiques et significatifs qui repr\u00e9sentent la culture locale. Cette boule de No\u00ebl est un excellent choix pour les boutiques de cadeaux touristiques qui recherchent des produits de qualit\u00e9 et culturellement pertinents. En tant que distributeur de souvenirs, nous veillons \u00e0 ce que chaque pi\u00e8ce raconte une histoire et soit un reflet authentique de la riche culture espagnole, ce qui fait de ce produit un choix id\u00e9al pour ceux qui recherchent des souvenirs de Madrid.  <\/p>\n","protected":false},"excerpt":{"rendered":"<p>Boule de No\u00ebl en c\u00e9ramique avec bo\u00eete, d\u00e9cor\u00e9e d&rsquo;un charmant panorama de Madrid. Cet ornement festif comporte des illustrations color\u00e9es de l&#8217;embl\u00e9matique pont de Tol\u00e8de et des d\u00e9tails en mosa\u00efque qui \u00e9voquent l&rsquo;art traditionnel de la ville. La boule est accompagn\u00e9e d&rsquo;un ruban rouge pour la suspendre, ce qui renforce son attrait visuel. Id\u00e9ale pour ajouter une touche de No\u00ebl et de culture \u00e0 votre maison, elle repr\u00e9sente l&rsquo;essence de Madrid dans ses moindres d\u00e9tails.   <\/p>\n","protected":false},"featured_media":9853,"template":"","meta":{"_acf_changed":false},"product_brand":[],"product_cat":[659],"product_tag":[646],"class_list":{"0":"post-23945","1":"product","2":"type-product","3":"status-publish","4":"has-post-thumbnail","6":"product_cat-boules-de-noel","7":"product_tag-noel","8":"pa_ciudad-madrid","9":"pa_motivo-panoramas","10":"pa_pais-espana","12":"first","13":"instock","14":"shipping-taxable","15":"product-type-simple"},"acf":[],"_links":{"self":[{"href":"https:\/\/olemosaic.com\/fr\/wp-json\/wp\/v2\/product\/23945","targetHints":{"allow":["GET"]}}],"collection":[{"href":"https:\/\/olemosaic.com\/fr\/wp-json\/wp\/v2\/product"}],"about":[{"href":"https:\/\/olemosaic.com\/fr\/wp-json\/wp\/v2\/types\/product"}],"wp:featuredmedia":[{"embeddable":true,"href":"https:\/\/olemosaic.com\/fr\/wp-json\/wp\/v2\/media\/9853"}],"wp:attachment":[{"href":"https:\/\/olemosaic.com\/fr\/wp-json\/wp\/v2\/media?parent=23945"}],"wp:term":[{"taxonomy":"product_brand","embeddable":true,"href":"https:\/\/olemosaic.com\/fr\/wp-json\/wp\/v2\/product_brand?post=23945"},{"taxonomy":"product_cat","embeddable":true,"href":"https:\/\/olemosaic.com\/fr\/wp-json\/wp\/v2\/product_cat?post=23945"},{"taxonomy":"product_tag","embeddable":true,"href":"https:\/\/olemosaic.com\/fr\/wp-json\/wp\/v2\/product_tag?post=23945"}],"curies":[{"name":"wp","href":"https:\/\/api.w.org\/{rel}","templated":true}]}}