{"id":23944,"date":"2025-02-20T23:31:51","date_gmt":"2025-02-20T22:31:51","guid":{"rendered":"https:\/\/olemosaic.com\/producto\/plaque-en-ceramique-de-11-cm-panoramique-barcelone-beige\/"},"modified":"2025-02-20T23:31:51","modified_gmt":"2025-02-20T22:31:51","slug":"plaque-en-ceramique-de-11-cm-panoramique-barcelone-beige","status":"publish","type":"product","link":"https:\/\/olemosaic.com\/fr\/produit\/plaque-en-ceramique-de-11-cm-panoramique-barcelone-beige\/","title":{"rendered":"Plaque en c\u00e9ramique de 11 cm. Panoramique. Barcelone. Beige."},"content":{"rendered":"<p>Cette charmante assiette en c\u00e9ramique de 11 cm est le souvenir parfait pour capturer l&rsquo;essence de Barcelone. Avec un design \u00e9l\u00e9gant dans les tons beiges et un bord orange vibrant, elle offre un panorama unique de l&#8217;embl\u00e9matique Sagrada Familia, l&rsquo;un des monuments les plus embl\u00e9matiques de la ville. L&rsquo;effet peint \u00e0 la main conf\u00e8re \u00e0 chaque pi\u00e8ce un caract\u00e8re artisanal exclusif. Les d\u00e9tails bleus et rouges, entrecoup\u00e9s d&rsquo;\u00e9l\u00e9ments ornementaux, refl\u00e8tent la vie vibrante et color\u00e9e de Barcelone, \u00e9voquant ses paysages urbains et sa riche culture.   <\/p>\n<p>Cette assiette n&rsquo;est pas seulement un \u00e9l\u00e9ment d\u00e9coratif, c&rsquo;est un symbole d&rsquo;admiration pour l&rsquo;architecture moderniste d&rsquo;Antoni Gaud\u00ed, qui a laiss\u00e9 une marque ind\u00e9l\u00e9bile sur la ville. Son format compact en fait le choix id\u00e9al pour embellir n&rsquo;importe quel espace, que ce soit comme centre de table ou comme objet de pr\u00e9sentation attrayant. De plus, son authenticit\u00e9 en fait un souvenir repr\u00e9sentatif de Barcelone, id\u00e9al pour les touristes \u00e0 la recherche de souvenirs qui racontent des histoires.  <\/p>\n<p>Chez Ol\u00e9 Mosaic, en tant que grossistes de souvenirs en c\u00e9ramique, nous garantissons la qualit\u00e9 et l&rsquo;unicit\u00e9 de chaque produit. Cette assiette en c\u00e9ramique est un excellent choix pour les boutiques de cadeaux touristiques qui souhaitent offrir des articles authentiques et artistiques, apportant un morceau de Barcelone dans les maisons de leurs clients. <\/p>\n","protected":false},"excerpt":{"rendered":"<p>Assiette en c\u00e9ramique de 11 cm repr\u00e9sentant une charmante vue panoramique de Barcelone. Cette jolie assiette, au design beige avec un bord orange, pr\u00e9sente des illustrations peintes \u00e0 la main mettant en valeur l&#8217;embl\u00e9matique Sagrada Familia, ainsi que des \u00e9l\u00e9ments ornementaux color\u00e9s illustrant l&rsquo;esprit vibrant de la ville. Avec des d\u00e9tails bleus et rouges distinctifs, cette assiette est parfaite comme souvenir ou pour embellir n&rsquo;importe quel espace, \u00e9voquant les paysages urbains de Barcelone.  <\/p>\n","protected":false},"featured_media":7696,"template":"","meta":{"_acf_changed":false},"product_brand":[],"product_cat":[656],"product_tag":[585],"class_list":{"0":"post-23944","1":"product","2":"type-product","3":"status-publish","4":"has-post-thumbnail","6":"product_cat-assiettes-decoratives","7":"product_tag-ceramique","8":"pa_ciudad-barcelona","9":"pa_motivo-panoramas","10":"pa_pais-espana","12":"first","13":"instock","14":"shipping-taxable","15":"product-type-simple"},"acf":[],"_links":{"self":[{"href":"https:\/\/olemosaic.com\/fr\/wp-json\/wp\/v2\/product\/23944","targetHints":{"allow":["GET"]}}],"collection":[{"href":"https:\/\/olemosaic.com\/fr\/wp-json\/wp\/v2\/product"}],"about":[{"href":"https:\/\/olemosaic.com\/fr\/wp-json\/wp\/v2\/types\/product"}],"wp:featuredmedia":[{"embeddable":true,"href":"https:\/\/olemosaic.com\/fr\/wp-json\/wp\/v2\/media\/7696"}],"wp:attachment":[{"href":"https:\/\/olemosaic.com\/fr\/wp-json\/wp\/v2\/media?parent=23944"}],"wp:term":[{"taxonomy":"product_brand","embeddable":true,"href":"https:\/\/olemosaic.com\/fr\/wp-json\/wp\/v2\/product_brand?post=23944"},{"taxonomy":"product_cat","embeddable":true,"href":"https:\/\/olemosaic.com\/fr\/wp-json\/wp\/v2\/product_cat?post=23944"},{"taxonomy":"product_tag","embeddable":true,"href":"https:\/\/olemosaic.com\/fr\/wp-json\/wp\/v2\/product_tag?post=23944"}],"curies":[{"name":"wp","href":"https:\/\/api.w.org\/{rel}","templated":true}]}}