{"id":23936,"date":"2025-02-20T23:31:52","date_gmt":"2025-02-20T22:31:52","guid":{"rendered":"https:\/\/olemosaic.com\/producto\/boule-de-neige-dragon-gaudi-barcelone-4-couleurs\/"},"modified":"2025-02-20T23:31:52","modified_gmt":"2025-02-20T22:31:52","slug":"boule-de-neige-dragon-gaudi-barcelone-4-couleurs","status":"publish","type":"product","link":"https:\/\/olemosaic.com\/fr\/produit\/boule-de-neige-dragon-gaudi-barcelone-4-couleurs\/","title":{"rendered":"Boule de neige. Dragon. Gaud\u00ed. Barcelone. 4 couleurs"},"content":{"rendered":"<p>Ce charmant souvenir de Barcelone est une boule \u00e0 neige d\u00e9corative qui capture l&rsquo;essence vibrante de l&rsquo;\u0153uvre d&rsquo;Antoni Gaud\u00ed. \u00c0 l&rsquo;int\u00e9rieur, un dragon color\u00e9, symbole embl\u00e9matique de sa conception architecturale, repose sur un d\u00e9licat paysage hivernal, cr\u00e9ant une atmosph\u00e8re magique et nostalgique. Cette boule \u00e0 neige est disponible en quatre couleurs \u00e9clatantes : bleu, rouge, orange et vert, chacune mont\u00e9e sur un socle distinctif portant le nom \u00ab\u00a0Barcelona\u00a0\u00bb, ce qui ajoute une touche personnelle et authentique \u00e0 ce souvenir.  <\/p>\n<p>L&rsquo;attention port\u00e9e aux d\u00e9tails est exceptionnelle, avec une finition brillante qui met en valeur la beaut\u00e9 du dragon, dont la forme stylis\u00e9e \u00e9voque la cr\u00e9ativit\u00e9 unique de Gaud\u00ed. Ces souvenirs sont non seulement parfaits pour les amoureux de l&rsquo;architecture et de l&rsquo;art catalans, mais ils constituent \u00e9galement un excellent cadeau pour ceux qui souhaitent ramener chez eux un morceau de la culture barcelonaise. Les boules \u00e0 neige sont repr\u00e9sentatives du monde de la collection et ajoutent un caract\u00e8re nostalgique, id\u00e9al pour se souvenir des moments sp\u00e9ciaux pass\u00e9s dans la ville.  <\/p>\n<p>Chez Ol\u00e9 Mosaic, nous sommes sp\u00e9cialis\u00e9s dans la distribution de souvenirs en gros, et cette boule \u00e0 neige d\u00e9corative est un choix id\u00e9al pour les boutiques de cadeaux touristiques \u00e0 la recherche de produits authentiques et attrayants qui repr\u00e9sentent Barcelone. Parfaite comme souvenir ou cadeau, chaque boule offre un morceau du riche patrimoine culturel de la ville, garantissant que les touristes ram\u00e8nent un souvenir m\u00e9morable de leur visite. <\/p>\n","protected":false},"excerpt":{"rendered":"<p>Boule \u00e0 neige d\u00e9corative avec un dragon color\u00e9, symbole de l&rsquo;\u0153uvre d&rsquo;Antoni Gaud\u00ed, dans une atmosph\u00e8re hivernale. Ce joli souvenir de Barcelone est disponible en quatre couleurs : bleu, rouge, orange et vert, chacune avec une base diff\u00e9rente o\u00f9 figure le nom \u00ab\u00a0Barcelona\u00a0\u00bb. Son design est id\u00e9al pour les amoureux de l&rsquo;architecture et de l&rsquo;art catalans, et en fait un parfait souvenir de la ville.  <\/p>\n","protected":false},"featured_media":13807,"template":"","meta":{"_acf_changed":false},"product_brand":[],"product_cat":[645],"product_tag":[646],"class_list":{"0":"post-23936","1":"product","2":"type-product","3":"status-publish","4":"has-post-thumbnail","6":"product_cat-boules-de-neige","7":"product_tag-noel","8":"pa_ciudad-barcelona","9":"pa_motivo-dragon","10":"pa_pais-espana","12":"first","13":"instock","14":"shipping-taxable","15":"product-type-simple"},"acf":[],"_links":{"self":[{"href":"https:\/\/olemosaic.com\/fr\/wp-json\/wp\/v2\/product\/23936","targetHints":{"allow":["GET"]}}],"collection":[{"href":"https:\/\/olemosaic.com\/fr\/wp-json\/wp\/v2\/product"}],"about":[{"href":"https:\/\/olemosaic.com\/fr\/wp-json\/wp\/v2\/types\/product"}],"wp:featuredmedia":[{"embeddable":true,"href":"https:\/\/olemosaic.com\/fr\/wp-json\/wp\/v2\/media\/13807"}],"wp:attachment":[{"href":"https:\/\/olemosaic.com\/fr\/wp-json\/wp\/v2\/media?parent=23936"}],"wp:term":[{"taxonomy":"product_brand","embeddable":true,"href":"https:\/\/olemosaic.com\/fr\/wp-json\/wp\/v2\/product_brand?post=23936"},{"taxonomy":"product_cat","embeddable":true,"href":"https:\/\/olemosaic.com\/fr\/wp-json\/wp\/v2\/product_cat?post=23936"},{"taxonomy":"product_tag","embeddable":true,"href":"https:\/\/olemosaic.com\/fr\/wp-json\/wp\/v2\/product_tag?post=23936"}],"curies":[{"name":"wp","href":"https:\/\/api.w.org\/{rel}","templated":true}]}}