{"id":23928,"date":"2025-02-20T23:31:51","date_gmt":"2025-02-20T22:31:51","guid":{"rendered":"https:\/\/olemosaic.com\/producto\/pichet-en-ceramique-salamandre-majorque-beige\/"},"modified":"2025-02-20T23:31:51","modified_gmt":"2025-02-20T22:31:51","slug":"pichet-en-ceramique-salamandre-majorque-beige","status":"publish","type":"product","link":"https:\/\/olemosaic.com\/fr\/produit\/pichet-en-ceramique-salamandre-majorque-beige\/","title":{"rendered":"Pichet en c\u00e9ramique. Salamandre. Majorque. Beige."},"content":{"rendered":"<p>Ce charmant produit est une cruche en c\u00e9ramique d\u00e9cor\u00e9e de salamandres color\u00e9es, \u00e9voquant le style traditionnel de Majorque. Fini dans des tons de beige avec des d\u00e9tails rouges vibrants, ce pichet pr\u00e9sente des courbes \u00e9l\u00e9gantes et un design artisanal. Chaque salamandre et chaque \u00e9l\u00e9ment floral sont peints \u00e0 la main, ce qui garantit que chaque pi\u00e8ce est unique et poss\u00e8de un cachet d&rsquo;authenticit\u00e9 incomparable. Le nom \u00ab\u00a0MALLORCA\u00a0\u00bb est d\u00e9licatement estampill\u00e9 sur le dessus, ajoutant une touche distinctive qui souligne son origine. Cette carafe est non seulement parfaite pour servir des boissons rafra\u00eechissantes en toute occasion, mais elle apporte \u00e9galement un charme m\u00e9diterran\u00e9en \u00e0 toute table gr\u00e2ce \u00e0 ses couleurs vives et \u00e0 son design attrayant.    <\/p>\n<p>La cruche est un symbole de la riche culture de Majorque, o\u00f9 la poterie artisanale fait partie de la tradition locale depuis des si\u00e8cles. Les salamandres, repr\u00e9sent\u00e9es dans le dessin, sont un symbole de chance dans de nombreuses cultures m\u00e9diterran\u00e9ennes, ce qui en fait un souvenir id\u00e9al pour ceux qui recherchent un souvenir significatif. Chez Ol\u00e9 Mosaic, nous nous consacrons \u00e0 la distribution de souvenirs en gros, et cette tasse en c\u00e9ramique est un excellent choix pour les boutiques de cadeaux touristiques \u00e0 la recherche de produits authentiques repr\u00e9sentatifs de la culture m\u00e9diterran\u00e9enne. Si vous \u00eates un grossiste en souvenirs, ne manquez pas l&rsquo;occasion d&rsquo;offrir ce bel article fonctionnel \u00e0 vos clients.   <\/p>\n","protected":false},"excerpt":{"rendered":"<p>Pichet en c\u00e9ramique d\u00e9cor\u00e9 de salamandres color\u00e9es et de motifs floraux, \u00e9voquant le style traditionnel de Majorque. Sa finition dans les tons beiges avec des d\u00e9tails rouges met en valeur ses formes \u00e9l\u00e9gantes. Le design artisanal de la carafe, peint \u00e0 la main, apporte une touche de savoir-faire et le nom \u00ab\u00a0MALLORCA\u00a0\u00bb est estampill\u00e9 sur le dessus. Id\u00e9ale pour servir des boissons et ajouter une touche de charme m\u00e9diterran\u00e9en \u00e0 votre table.   <\/p>\n","protected":false},"featured_media":7285,"template":"","meta":{"_acf_changed":false},"product_brand":[],"product_cat":[632],"product_tag":[530,585],"class_list":{"0":"post-23928","1":"product","2":"type-product","3":"status-publish","4":"has-post-thumbnail","6":"product_cat-jugs","7":"product_tag-animaux","8":"product_tag-ceramique","9":"pa_ciudad-mallorca","10":"pa_motivo-salamandres","11":"pa_pais-espana","13":"first","14":"instock","15":"shipping-taxable","16":"product-type-simple"},"acf":[],"_links":{"self":[{"href":"https:\/\/olemosaic.com\/fr\/wp-json\/wp\/v2\/product\/23928","targetHints":{"allow":["GET"]}}],"collection":[{"href":"https:\/\/olemosaic.com\/fr\/wp-json\/wp\/v2\/product"}],"about":[{"href":"https:\/\/olemosaic.com\/fr\/wp-json\/wp\/v2\/types\/product"}],"wp:featuredmedia":[{"embeddable":true,"href":"https:\/\/olemosaic.com\/fr\/wp-json\/wp\/v2\/media\/7285"}],"wp:attachment":[{"href":"https:\/\/olemosaic.com\/fr\/wp-json\/wp\/v2\/media?parent=23928"}],"wp:term":[{"taxonomy":"product_brand","embeddable":true,"href":"https:\/\/olemosaic.com\/fr\/wp-json\/wp\/v2\/product_brand?post=23928"},{"taxonomy":"product_cat","embeddable":true,"href":"https:\/\/olemosaic.com\/fr\/wp-json\/wp\/v2\/product_cat?post=23928"},{"taxonomy":"product_tag","embeddable":true,"href":"https:\/\/olemosaic.com\/fr\/wp-json\/wp\/v2\/product_tag?post=23928"}],"curies":[{"name":"wp","href":"https:\/\/api.w.org\/{rel}","templated":true}]}}