{"id":23909,"date":"2025-02-20T23:31:50","date_gmt":"2025-02-20T22:31:50","guid":{"rendered":"https:\/\/olemosaic.com\/producto\/porte-cles-en-bois-lettre-f-madrid\/"},"modified":"2025-02-20T23:31:50","modified_gmt":"2025-02-20T22:31:50","slug":"porte-cles-en-bois-lettre-f-madrid","status":"publish","type":"product","link":"https:\/\/olemosaic.com\/fr\/produit\/porte-cles-en-bois-lettre-f-madrid\/","title":{"rendered":"Porte-cl\u00e9s en bois. Lettre F. Madrid."},"content":{"rendered":"<p>Ce charmant porte-cl\u00e9s en bois en forme de lettre \u00ab\u00a0F\u00a0\u00bb s&rsquo;inspire du caract\u00e8re vibrant de Madrid, ce qui en fait un souvenir id\u00e9al pour ceux qui souhaitent emporter avec eux un petit morceau de la capitale espagnole. Son design color\u00e9 capture l&rsquo;essence de la ville, avec des \u00e9l\u00e9ments embl\u00e9matiques tels que l&rsquo;horloge de la Puerta del Sol et une figure traditionnelle habill\u00e9e de v\u00eatements typiques, refl\u00e9tant la culture et les traditions de la r\u00e9gion. <\/p>\n<p>Peint \u00e0 la main, chaque porte-cl\u00e9s pr\u00e9sente des d\u00e9tails minutieux qui mettent en valeur les couleurs vives et les textures caract\u00e9ristiques de l&rsquo;art madril\u00e8ne. La lettre \u00ab\u00a0F\u00a0\u00bb symbolise non seulement l&rsquo;initiale de la ville, mais rend \u00e9galement hommage \u00e0 son folklore, faisant de ce porte-cl\u00e9s un objet inoubliable. La finition en bois apporte une touche naturelle, tandis que l&rsquo;anneau en m\u00e9tal permet d&rsquo;avoir toujours ses cl\u00e9s \u00e0 port\u00e9e de main.  <\/p>\n<p>En tant que souvenir de Madrid, ce porte-cl\u00e9s est un excellent choix pour ceux qui recherchent un souvenir authentique et repr\u00e9sentatif de la ville. Chez Ol\u00e9 MOSAIC, nous reconnaissons la valeur culturelle de ce porte-cl\u00e9s en tant que produit de gros attrayant ; il est id\u00e9al pour les boutiques de cadeaux touristiques qui cherchent \u00e0 offrir des articles uniques et significatifs. Avec ce porte-cl\u00e9s, vous offrez non seulement un accessoire pratique, mais aussi un morceau du riche patrimoine culturel de Madrid.  <\/p>\n","protected":false},"excerpt":{"rendered":"<p>Porte-cl\u00e9s en bois en forme de lettre \u00ab\u00a0F\u00a0\u00bb, inspir\u00e9 par le caract\u00e8re vibrant de Madrid. Ce porte-cl\u00e9s attrayant pr\u00e9sente un motif color\u00e9 qui reprend des \u00e9l\u00e9ments embl\u00e9matiques de la ville, tels que l&rsquo;horloge de la Puerta del Sol et un personnage en costume traditionnel. Peint dans un style artisanal avec des d\u00e9tails qui capturent l&rsquo;essence culturelle de la r\u00e9gion, ce porte-cl\u00e9s est un accessoire pratique et un souvenir parfait pour les amoureux de Madrid.  <\/p>\n","protected":false},"featured_media":10838,"template":"","meta":{"_acf_changed":false},"product_brand":[],"product_cat":[607],"product_tag":[614],"class_list":{"0":"post-23909","1":"product","2":"type-product","3":"status-publish","4":"has-post-thumbnail","6":"product_cat-porte-cles","7":"product_tag-lettres","8":"pa_ciudad-madrid","9":"pa_motivo-lettre-f","10":"pa_pais-espana","12":"first","13":"instock","14":"shipping-taxable","15":"product-type-simple"},"acf":[],"_links":{"self":[{"href":"https:\/\/olemosaic.com\/fr\/wp-json\/wp\/v2\/product\/23909","targetHints":{"allow":["GET"]}}],"collection":[{"href":"https:\/\/olemosaic.com\/fr\/wp-json\/wp\/v2\/product"}],"about":[{"href":"https:\/\/olemosaic.com\/fr\/wp-json\/wp\/v2\/types\/product"}],"wp:featuredmedia":[{"embeddable":true,"href":"https:\/\/olemosaic.com\/fr\/wp-json\/wp\/v2\/media\/10838"}],"wp:attachment":[{"href":"https:\/\/olemosaic.com\/fr\/wp-json\/wp\/v2\/media?parent=23909"}],"wp:term":[{"taxonomy":"product_brand","embeddable":true,"href":"https:\/\/olemosaic.com\/fr\/wp-json\/wp\/v2\/product_brand?post=23909"},{"taxonomy":"product_cat","embeddable":true,"href":"https:\/\/olemosaic.com\/fr\/wp-json\/wp\/v2\/product_cat?post=23909"},{"taxonomy":"product_tag","embeddable":true,"href":"https:\/\/olemosaic.com\/fr\/wp-json\/wp\/v2\/product_tag?post=23909"}],"curies":[{"name":"wp","href":"https:\/\/api.w.org\/{rel}","templated":true}]}}