{"id":23899,"date":"2025-02-20T23:31:49","date_gmt":"2025-02-20T22:31:49","guid":{"rendered":"https:\/\/olemosaic.com\/producto\/de-a-coudre-en-ceramique-madrid-blanc\/"},"modified":"2025-02-20T23:31:49","modified_gmt":"2025-02-20T22:31:49","slug":"de-a-coudre-en-ceramique-madrid-blanc","status":"publish","type":"product","link":"https:\/\/olemosaic.com\/fr\/produit\/de-a-coudre-en-ceramique-madrid-blanc\/","title":{"rendered":"D\u00e9 \u00e0 coudre en c\u00e9ramique. Madrid.  Blanc"},"content":{"rendered":"<p>Ce charmant d\u00e9 \u00e0 coudre en c\u00e9ramique, d\u00e9cor\u00e9 de sc\u00e8nes embl\u00e9matiques de Madrid, est une parfaite repr\u00e9sentation de l&rsquo;esprit vibrant de la capitale espagnole. Son \u00e9l\u00e9gante finition blanche met en valeur les illustrations peintes \u00e0 la main de deux des sites les plus embl\u00e9matiques de la ville : l&rsquo;arc de Cuchilleros et la c\u00e9l\u00e8bre Puerta del Sol. Ces images sont rendues dans un style color\u00e9 et vivant, tandis que le texte \u00ab\u00a0MADRID\u00a0\u00bb est mis en \u00e9vidence, garantissant que ce souvenir est facilement reconnaissable et m\u00e9morable.  <\/p>\n<p>Le d\u00e9 \u00e0 coudre a une finition craquel\u00e9e unique qui, en plus de lui donner une texture visuellement attrayante, ajoute une touche distinctive \u00e0 chaque pi\u00e8ce, ce qui en fait un v\u00e9ritable objet de collection. Ce souvenir n&rsquo;est pas seulement esth\u00e9tique, il est aussi un rappel tangible de la riche culture et de l&rsquo;histoire de Madrid, id\u00e9al pour ceux qui souhaitent emporter un petit morceau de la ville chez eux. <\/p>\n<p>Chez Ol\u00e9 Mosaic, nous nous effor\u00e7ons de fournir des souvenirs de haute qualit\u00e9 qui refl\u00e8tent l&rsquo;authenticit\u00e9 culturelle d&rsquo;endroits comme Madrid. Ce d\u00e9 \u00e0 coudre en c\u00e9ramique est un excellent choix pour les boutiques de cadeaux touristiques qui recherchent des produits uniques et fonctionnels ayant une profonde signification culturelle. En tant que grossiste en d\u00e9 \u00e0 coudre, nous garantissons que chaque pi\u00e8ce est un t\u00e9moignage de la tradition artistique et artisanale de l&rsquo;Espagne.  <\/p>\n","protected":false},"excerpt":{"rendered":"<p>D\u00e9 \u00e0 coudre en c\u00e9ramique d\u00e9cor\u00e9 de sc\u00e8nes embl\u00e9matiques de Madrid. Cet \u00e9l\u00e9gant d\u00e9 \u00e0 coudre blanc pr\u00e9sente des illustrations vibrantes de l&#8217;embl\u00e9matique Arco de Cuchilleros et de la Puerta del Sol, ainsi que le mot \u00ab\u00a0MADRID\u00a0\u00bb dans un motif color\u00e9. Peint dans un style artisanal, ce souvenir pr\u00e9sente une finition craquel\u00e9e pour une touche distinctive et artistique, parfaite pour les amoureux de la culture madril\u00e8ne et comme souvenir de la capitale espagnole.  <\/p>\n","protected":false},"featured_media":9959,"template":"","meta":{"_acf_changed":false},"product_brand":[],"product_cat":[603],"product_tag":[585],"class_list":{"0":"post-23899","1":"product","2":"type-product","3":"status-publish","4":"has-post-thumbnail","6":"product_cat-des-a-coudre","7":"product_tag-ceramique","8":"pa_ciudad-madrid","9":"pa_pais-espana","11":"first","12":"instock","13":"shipping-taxable","14":"product-type-simple"},"acf":[],"_links":{"self":[{"href":"https:\/\/olemosaic.com\/fr\/wp-json\/wp\/v2\/product\/23899","targetHints":{"allow":["GET"]}}],"collection":[{"href":"https:\/\/olemosaic.com\/fr\/wp-json\/wp\/v2\/product"}],"about":[{"href":"https:\/\/olemosaic.com\/fr\/wp-json\/wp\/v2\/types\/product"}],"wp:featuredmedia":[{"embeddable":true,"href":"https:\/\/olemosaic.com\/fr\/wp-json\/wp\/v2\/media\/9959"}],"wp:attachment":[{"href":"https:\/\/olemosaic.com\/fr\/wp-json\/wp\/v2\/media?parent=23899"}],"wp:term":[{"taxonomy":"product_brand","embeddable":true,"href":"https:\/\/olemosaic.com\/fr\/wp-json\/wp\/v2\/product_brand?post=23899"},{"taxonomy":"product_cat","embeddable":true,"href":"https:\/\/olemosaic.com\/fr\/wp-json\/wp\/v2\/product_cat?post=23899"},{"taxonomy":"product_tag","embeddable":true,"href":"https:\/\/olemosaic.com\/fr\/wp-json\/wp\/v2\/product_tag?post=23899"}],"curies":[{"name":"wp","href":"https:\/\/api.w.org\/{rel}","templated":true}]}}