{"id":23892,"date":"2025-02-20T23:31:49","date_gmt":"2025-02-20T22:31:49","guid":{"rendered":"https:\/\/olemosaic.com\/producto\/coq-figure-en-mosaique-de-7-cm\/"},"modified":"2025-11-21T13:17:49","modified_gmt":"2025-11-21T12:17:49","slug":"coq-figure-en-mosaique-de-7-cm","status":"publish","type":"product","link":"https:\/\/olemosaic.com\/fr\/produit\/coq-figure-en-mosaique-de-7-cm\/","title":{"rendered":"Coq. Figure en mosa\u00efque de 7 cm."},"content":{"rendered":"<p>Ce charmant coq en r\u00e9sine de 7 cm de haut est une pi\u00e8ce unique qui capture l&rsquo;essence vibrante de la culture portugaise. Peint \u00e0 la main avec une explosion de motifs color\u00e9s dans des tons de rouge, de vert, de jaune et de bleu, il se distingue par son design en mosa\u00efque, qui \u00e9voque la tradition du c\u00e9l\u00e8bre Gallo de Barcelos, un symbole universel de chance et de prosp\u00e9rit\u00e9. Chaque d\u00e9tail de sa silhouette pittoresque a \u00e9t\u00e9 soigneusement travaill\u00e9, ce qui rehausse son attrait visuel et refl\u00e8te le riche patrimoine artisanal du Portugal. Ce coq n&rsquo;est pas seulement un \u00e9l\u00e9ment d\u00e9coratif joyeux pour n&rsquo;importe quelle maison, mais aussi une amulette qui \u00e9voque les l\u00e9gendes et le folklore de la r\u00e9gion. Son corps stylis\u00e9 et ses couleurs vives lui donnent un air de f\u00eate, id\u00e9al pour ajouter une touche de gaiet\u00e9 \u00e0 n&rsquo;importe quel espace. Chez Ol\u00e9 Mosaic, nous sommes sp\u00e9cialis\u00e9s dans la distribution de souvenirs de haute qualit\u00e9, et cette figurine est un excellent souvenir du Portugal, parfait pour les touristes \u00e0 la recherche de souvenirs authentiques qui repr\u00e9sentent la culture et la tradition locales. En tant que distributeur de souvenirs en gros, nous garantissons que chaque coq en r\u00e9sine r\u00e9pond aux normes de qualit\u00e9 et d&rsquo;authenticit\u00e9, ce qui en fait un choix id\u00e9al pour les boutiques de cadeaux touristiques qui souhaitent offrir un morceau du Portugal \u00e0 leurs clients.      <\/p>\n","protected":false},"excerpt":{"rendered":"<p>Figurine de coq de 7 cm fabriqu\u00e9e et peinte \u00e0 la main avec des motifs color\u00e9s symbolisant la culture portugaise. Ce coq vibrant, c\u00e9l\u00e8bre pour ses tons rouges, verts, jaunes et bleus, se distingue par son motif en mosa\u00efque, qui repr\u00e9sente la tradition du Gallo de Barcelos, ic\u00f4ne de la chance. Cette figurine est id\u00e9ale pour d\u00e9corer n&rsquo;importe quel espace et apporte une touche de gaiet\u00e9 et d&rsquo;authenticit\u00e9 \u00e0 votre int\u00e9rieur.  <\/p>\n","protected":false},"featured_media":9453,"template":"","meta":{"_acf_changed":false},"product_brand":[],"product_cat":[540],"product_tag":[530],"class_list":{"0":"post-23892","1":"product","2":"type-product","3":"status-publish","4":"has-post-thumbnail","6":"product_cat-chiffres","7":"product_tag-animaux","8":"pa_motivo-coqs","10":"first","11":"instock","12":"shipping-taxable","13":"product-type-simple"},"acf":[],"_links":{"self":[{"href":"https:\/\/olemosaic.com\/fr\/wp-json\/wp\/v2\/product\/23892","targetHints":{"allow":["GET"]}}],"collection":[{"href":"https:\/\/olemosaic.com\/fr\/wp-json\/wp\/v2\/product"}],"about":[{"href":"https:\/\/olemosaic.com\/fr\/wp-json\/wp\/v2\/types\/product"}],"wp:featuredmedia":[{"embeddable":true,"href":"https:\/\/olemosaic.com\/fr\/wp-json\/wp\/v2\/media\/9453"}],"wp:attachment":[{"href":"https:\/\/olemosaic.com\/fr\/wp-json\/wp\/v2\/media?parent=23892"}],"wp:term":[{"taxonomy":"product_brand","embeddable":true,"href":"https:\/\/olemosaic.com\/fr\/wp-json\/wp\/v2\/product_brand?post=23892"},{"taxonomy":"product_cat","embeddable":true,"href":"https:\/\/olemosaic.com\/fr\/wp-json\/wp\/v2\/product_cat?post=23892"},{"taxonomy":"product_tag","embeddable":true,"href":"https:\/\/olemosaic.com\/fr\/wp-json\/wp\/v2\/product_tag?post=23892"}],"curies":[{"name":"wp","href":"https:\/\/api.w.org\/{rel}","templated":true}]}}