{"id":23891,"date":"2025-02-20T23:31:49","date_gmt":"2025-02-20T22:31:49","guid":{"rendered":"https:\/\/olemosaic.com\/producto\/cendrier-en-ceramique-9-cm-patio-blanc\/"},"modified":"2025-11-21T13:17:37","modified_gmt":"2025-11-21T12:17:37","slug":"cendrier-en-ceramique-9-cm-patio-blanc","status":"publish","type":"product","link":"https:\/\/olemosaic.com\/fr\/produit\/cendrier-en-ceramique-9-cm-patio-blanc\/","title":{"rendered":"Cendrier en c\u00e9ramique 9 cm. Patio.  Blanc"},"content":{"rendered":"<p>Ce charmant cendrier en c\u00e9ramique, d&rsquo;un diam\u00e8tre de 9 cm, est un authentique repr\u00e9sentant du folklore andalou. Son design m\u00e9ticuleusement peint \u00e0 la main capture l&rsquo;essence vibrante d&rsquo;une cour s\u00e9villane typique. En haut, l&rsquo;illustration montre une danseuse de flamenco et un danseur de flamenco en pleine repr\u00e9sentation, entour\u00e9s de fleurs rouges luxuriantes et de lanternes, \u00e9voquant la joie et le dynamisme de la culture flamenco. La bailaora, v\u00eatue d&rsquo;une robe \u00e0 pois, illumine la sc\u00e8ne de son \u00e9nergie, tandis que le bailaor, \u00e9l\u00e9gant dans sa tenue traditionnelle, ajoute une touche de gr\u00e2ce et d&rsquo;habilet\u00e9 \u00e0 la composition.   <\/p>\n<p>Le cendrier se distingue par sa finition blanche brillante, qui met en valeur les couleurs vives des illustrations, et par un d\u00e9tail de mosa\u00efque sur le fond qui ajoute une touche d&rsquo;\u00e9l\u00e9gance et de sophistication. Cette pi\u00e8ce n&rsquo;est pas seulement fonctionnelle, elle devient aussi un \u00e9l\u00e9ment d\u00e9coratif attrayant pour n&rsquo;importe quelle maison, id\u00e9al pour ceux qui veulent apporter un petit morceau de S\u00e9ville \u00e0 leur espace. <\/p>\n<p>En tant que souvenir repr\u00e9sentatif du riche patrimoine culturel de l&rsquo;Andalousie, ce cendrier est parfait pour les touristes \u00e0 la recherche d&rsquo;un souvenir authentique et significatif. Chez Ol\u00e9 Mosaic, nous sommes distributeurs de souvenirs authentiques en c\u00e9ramique de haute qualit\u00e9, en veillant \u00e0 ce que chaque pi\u00e8ce, comme ce cendrier, soit un t\u00e9moignage de la tradition et de l&rsquo;art de l&rsquo;Espagne. <\/p>\n","protected":false},"excerpt":{"rendered":"<p>Cendrier de 9 cm en c\u00e9ramique, d\u00e9cor\u00e9 de sc\u00e8nes de cour typiquement andalouses. Son design comprend des illustrations peintes \u00e0 la main d&rsquo;une danseuse de flamenco et d&rsquo;un danseur de flamenco, entour\u00e9s de fleurs rouges et de lanternes, \u00e9voquant le charme de S\u00e9ville. La pi\u00e8ce se distingue par sa finition blanche brillante et le d\u00e9tail de la mosa\u00efque sur la base, qui ajoute une touche \u00e9l\u00e9gante et culturelle. Id\u00e9al comme cadeau ou pour d\u00e9corer votre int\u00e9rieur.   <\/p>\n","protected":false},"featured_media":8412,"template":"","meta":{"_acf_changed":false},"product_brand":[],"product_cat":[584],"product_tag":[585],"class_list":{"0":"post-23891","1":"product","2":"type-product","3":"status-publish","4":"has-post-thumbnail","6":"product_cat-cendriers","7":"product_tag-ceramique","8":"pa_motivo-cours-interieures","10":"first","11":"instock","12":"shipping-taxable","13":"product-type-simple"},"acf":[],"_links":{"self":[{"href":"https:\/\/olemosaic.com\/fr\/wp-json\/wp\/v2\/product\/23891","targetHints":{"allow":["GET"]}}],"collection":[{"href":"https:\/\/olemosaic.com\/fr\/wp-json\/wp\/v2\/product"}],"about":[{"href":"https:\/\/olemosaic.com\/fr\/wp-json\/wp\/v2\/types\/product"}],"wp:featuredmedia":[{"embeddable":true,"href":"https:\/\/olemosaic.com\/fr\/wp-json\/wp\/v2\/media\/8412"}],"wp:attachment":[{"href":"https:\/\/olemosaic.com\/fr\/wp-json\/wp\/v2\/media?parent=23891"}],"wp:term":[{"taxonomy":"product_brand","embeddable":true,"href":"https:\/\/olemosaic.com\/fr\/wp-json\/wp\/v2\/product_brand?post=23891"},{"taxonomy":"product_cat","embeddable":true,"href":"https:\/\/olemosaic.com\/fr\/wp-json\/wp\/v2\/product_cat?post=23891"},{"taxonomy":"product_tag","embeddable":true,"href":"https:\/\/olemosaic.com\/fr\/wp-json\/wp\/v2\/product_tag?post=23891"}],"curies":[{"name":"wp","href":"https:\/\/api.w.org\/{rel}","templated":true}]}}