{"id":23884,"date":"2025-02-20T23:31:49","date_gmt":"2025-02-20T22:31:49","guid":{"rendered":"https:\/\/olemosaic.com\/producto\/cendrier-en-ceramique-9-cm-salamandre-et-fleurs-blanc\/"},"modified":"2025-02-20T23:31:49","modified_gmt":"2025-02-20T22:31:49","slug":"cendrier-en-ceramique-9-cm-salamandre-et-fleurs-blanc","status":"publish","type":"product","link":"https:\/\/olemosaic.com\/fr\/produit\/cendrier-en-ceramique-9-cm-salamandre-et-fleurs-blanc\/","title":{"rendered":"Cendrier en c\u00e9ramique 9 cm. Salamandre et fleurs.  Blanc"},"content":{"rendered":"<p>Ce charmant cendrier en c\u00e9ramique, d&rsquo;un diam\u00e8tre de 9 cm, est un exemple exceptionnel de l&rsquo;artisanat espagnol, con\u00e7u pour \u00e9voquer le riche folklore de la r\u00e9gion. Sa base blanche polie et brillante donne vie \u00e0 une vibrante mosa\u00efque de couleurs, dont des rouges, des jaunes, des bleus et des verts. Au centre, une salamandre captivante se d\u00e9tache, symbole de transformation et de renouveau, entour\u00e9e de fleurs color\u00e9es qui ajoutent une touche fra\u00eeche et artistique au motif. Peinte \u00e0 la main, cette pi\u00e8ce garantit son caract\u00e8re unique et son authenticit\u00e9, ce qui en fait le souvenir id\u00e9al pour les touristes \u00e0 la recherche d&rsquo;un souvenir repr\u00e9sentatif de leur s\u00e9jour en Espagne.   <\/p>\n<p>La salamandre est \u00e9l\u00e9gamment int\u00e9gr\u00e9e \u00e0 un fond de fleurs stylis\u00e9es, c\u00e9l\u00e9brant la beaut\u00e9 de l&rsquo;environnement naturel, tandis que les couleurs vives refl\u00e8tent la vivacit\u00e9 de la culture locale. Ce cendrier n&rsquo;est pas seulement fonctionnel, il est aussi une \u0153uvre d&rsquo;art qui capture l&rsquo;essence des souvenirs de voyage. Chez Ol\u00e9 Mosaic, nous sommes sp\u00e9cialis\u00e9s dans la distribution de souvenirs authentiques et de qualit\u00e9, et ce cendrier en c\u00e9ramique est un excellent choix pour les boutiques de cadeaux touristiques qui souhaitent offrir des produits uniques repr\u00e9sentatifs de l&rsquo;artisanat espagnol. Il s&rsquo;agit sans aucun doute d&rsquo;un cadeau id\u00e9al pour ceux qui appr\u00e9cient l&rsquo;art et la tradition.   <\/p>\n","protected":false},"excerpt":{"rendered":"<p>Cendrier en c\u00e9ramique de 9 cm d\u00e9cor\u00e9 d&rsquo;une salamandre vibrante et de fleurs color\u00e9es. Cet \u00e9l\u00e9gant cendrier blanc peint \u00e0 la main pr\u00e9sente une captivante mosa\u00efque de tons rouges, jaunes, bleus et verts, \u00e9voquant le folklore de la r\u00e9gion. La salamandre se fond harmonieusement dans un fond floral, offrant une touche fra\u00eeche et artistique, id\u00e9ale pour les amateurs d&rsquo;artisanat espagnol.  <\/p>\n","protected":false},"featured_media":8349,"template":"","meta":{"_acf_changed":false},"product_brand":[],"product_cat":[584],"product_tag":[530,585],"class_list":{"0":"post-23884","1":"product","2":"type-product","3":"status-publish","4":"has-post-thumbnail","6":"product_cat-cendriers","7":"product_tag-animaux","8":"product_tag-ceramique","9":"pa_motivo-salamandres","11":"first","12":"instock","13":"shipping-taxable","14":"product-type-simple"},"acf":[],"_links":{"self":[{"href":"https:\/\/olemosaic.com\/fr\/wp-json\/wp\/v2\/product\/23884","targetHints":{"allow":["GET"]}}],"collection":[{"href":"https:\/\/olemosaic.com\/fr\/wp-json\/wp\/v2\/product"}],"about":[{"href":"https:\/\/olemosaic.com\/fr\/wp-json\/wp\/v2\/types\/product"}],"wp:featuredmedia":[{"embeddable":true,"href":"https:\/\/olemosaic.com\/fr\/wp-json\/wp\/v2\/media\/8349"}],"wp:attachment":[{"href":"https:\/\/olemosaic.com\/fr\/wp-json\/wp\/v2\/media?parent=23884"}],"wp:term":[{"taxonomy":"product_brand","embeddable":true,"href":"https:\/\/olemosaic.com\/fr\/wp-json\/wp\/v2\/product_brand?post=23884"},{"taxonomy":"product_cat","embeddable":true,"href":"https:\/\/olemosaic.com\/fr\/wp-json\/wp\/v2\/product_cat?post=23884"},{"taxonomy":"product_tag","embeddable":true,"href":"https:\/\/olemosaic.com\/fr\/wp-json\/wp\/v2\/product_tag?post=23884"}],"curies":[{"name":"wp","href":"https:\/\/api.w.org\/{rel}","templated":true}]}}