{"id":23880,"date":"2025-02-20T22:31:49","date_gmt":"2025-02-20T22:31:49","guid":{"rendered":"https:\/\/olemosaic.com\/producto\/cendrier-en-ceramique-8-cm-salamandre-et-fleurs-blanc\/"},"modified":"2025-02-20T22:31:49","modified_gmt":"2025-02-20T21:31:49","slug":"cendrier-en-ceramique-8-cm-salamandre-et-fleurs-blanc","status":"publish","type":"product","link":"https:\/\/olemosaic.com\/fr\/produit\/cendrier-en-ceramique-8-cm-salamandre-et-fleurs-blanc\/","title":{"rendered":"Cendrier en c\u00e9ramique 8 cm. Salamandre et fleurs.  Blanc"},"content":{"rendered":"<p>Ce charmant cendrier en c\u00e9ramique de 8 cm est un joyau de l&rsquo;art d\u00e9coratif espagnol, parfait pour ceux qui recherchent un souvenir unique et color\u00e9. Son design vibrant pr\u00e9sente une salamandre stylis\u00e9e au centre, entour\u00e9e de fleurs luxuriantes, \u00e9voquant la riche biodiversit\u00e9 des r\u00e9gions m\u00e9diterran\u00e9ennes. La base en c\u00e9ramique, d&rsquo;un blanc brillant, met en valeur les d\u00e9tails artistiques, tandis que la technique de peinture, avec des mosa\u00efques dans les tons jaune, rouge et vert, apporte fra\u00eecheur et dynamisme \u00e0 chaque pi\u00e8ce.  <\/p>\n<p>La salamandre, symbole de transformation et de renaissance, est v\u00e9n\u00e9r\u00e9e dans les traditions culturelles de diverses r\u00e9gions d&rsquo;Espagne, ce qui fait de ce cendrier un rappel du lien entre la nature et l&rsquo;art. Les fleurs color\u00e9es qui l&rsquo;accompagnent ne font pas qu&#8217;embellir le design, elles refl\u00e8tent aussi l&rsquo;esprit joyeux et vibrant de la culture m\u00e9diterran\u00e9enne. <\/p>\n<p>Chez Ol\u00e9 MOSAIC, nous sommes sp\u00e9cialis\u00e9s dans la distribution de souvenirs en gros, et ce cendrier en c\u00e9ramique est un excellent choix pour les boutiques de cadeaux touristiques, car il offre un produit fonctionnel et, en m\u00eame temps, un \u00e9chantillon de l&rsquo;authentique tradition artisanale espagnole. En tant que grossistes en souvenirs, nous garantissons la qualit\u00e9 et l&rsquo;authenticit\u00e9 de chaque article, ce qui fait de ce cendrier un souvenir parfait pour les touristes qui souhaitent emporter quelque chose de vraiment sp\u00e9cial de leur visite. <\/p>\n","protected":false},"excerpt":{"rendered":"<p>Cendrier de 8 cm en c\u00e9ramique, d\u00e9cor\u00e9 d&rsquo;une salamandre vibrante et de fleurs dans un motif color\u00e9. Ce produit, d&rsquo;une finition blanche brillante, pr\u00e9sente une technique de peinture qui inclut des mosa\u00efques dans les tons jaune, rouge et vert, \u00e9voquant la riche flore m\u00e9diterran\u00e9enne. Chaque d\u00e9tail, des d\u00e9corations florales \u00e0 la salamandre stylis\u00e9e, souligne la tradition de l&rsquo;artisanat espagnol, ce qui en fait un souvenir attrayant.  <\/p>\n","protected":false},"featured_media":8879,"template":"","meta":{"_acf_changed":false},"product_brand":[],"product_cat":[584],"product_tag":[530,585],"class_list":{"0":"post-23880","1":"product","2":"type-product","3":"status-publish","4":"has-post-thumbnail","6":"product_cat-cendriers","7":"product_tag-animaux","8":"product_tag-ceramique","9":"pa_motivo-salamandres","11":"first","12":"instock","13":"shipping-taxable","14":"product-type-simple"},"acf":[],"_links":{"self":[{"href":"https:\/\/olemosaic.com\/fr\/wp-json\/wp\/v2\/product\/23880","targetHints":{"allow":["GET"]}}],"collection":[{"href":"https:\/\/olemosaic.com\/fr\/wp-json\/wp\/v2\/product"}],"about":[{"href":"https:\/\/olemosaic.com\/fr\/wp-json\/wp\/v2\/types\/product"}],"wp:featuredmedia":[{"embeddable":true,"href":"https:\/\/olemosaic.com\/fr\/wp-json\/wp\/v2\/media\/8879"}],"wp:attachment":[{"href":"https:\/\/olemosaic.com\/fr\/wp-json\/wp\/v2\/media?parent=23880"}],"wp:term":[{"taxonomy":"product_brand","embeddable":true,"href":"https:\/\/olemosaic.com\/fr\/wp-json\/wp\/v2\/product_brand?post=23880"},{"taxonomy":"product_cat","embeddable":true,"href":"https:\/\/olemosaic.com\/fr\/wp-json\/wp\/v2\/product_cat?post=23880"},{"taxonomy":"product_tag","embeddable":true,"href":"https:\/\/olemosaic.com\/fr\/wp-json\/wp\/v2\/product_tag?post=23880"}],"curies":[{"name":"wp","href":"https:\/\/api.w.org\/{rel}","templated":true}]}}