{"id":23878,"date":"2025-02-20T23:31:49","date_gmt":"2025-02-20T22:31:49","guid":{"rendered":"https:\/\/olemosaic.com\/producto\/cendrier-en-ceramique-8-cm-salamandre-majorque-beige\/"},"modified":"2025-02-20T23:31:49","modified_gmt":"2025-02-20T22:31:49","slug":"cendrier-en-ceramique-8-cm-salamandre-majorque-beige","status":"publish","type":"product","link":"https:\/\/olemosaic.com\/fr\/produit\/cendrier-en-ceramique-8-cm-salamandre-majorque-beige\/","title":{"rendered":"Cendrier en c\u00e9ramique 8 cm. Salamandre. Majorque. Beige"},"content":{"rendered":"<p>Ce charmant cendrier en c\u00e9ramique de 8 cm est une repr\u00e9sentation vibrante de l&rsquo;essence de Majorque, id\u00e9ale pour ceux qui recherchent un souvenir authentique et m\u00e9morable. Son design attrayant repr\u00e9sente une salamandre color\u00e9e, peinte \u00e0 la main dans un d\u00e9licat motif g\u00e9om\u00e9trique qui combine des nuances de vert, de bleu et de rouge. Cette \u00e9l\u00e9gante figure se dresse sur un fond blanc, qui met en valeur sa vivacit\u00e9 et donne \u00e0 l&rsquo;objet un air frais et joyeux. Autour d&rsquo;elle, de beaux motifs floraux aux couleurs tout aussi vives compl\u00e8tent la d\u00e9coration, tandis que le mot \u00ab\u00a0MALLORCA\u00a0\u00bb se d\u00e9tache dans une typographie ludique, faisant de ce cendrier non pas un simple accessoire, mais une pi\u00e8ce artistique qui capture l&rsquo;esprit de l&rsquo;\u00eele.   <\/p>\n<p>L&rsquo;utilisation de la salamandre, symbole de renaissance et de bonne fortune dans la culture m\u00e9diterran\u00e9enne, ajoute une touche de magie, ce qui en fait un souvenir significatif. Ce cendrier est parfait comme \u00e9l\u00e9ment d\u00e9coratif pour la maison ou comme cadeau sp\u00e9cial, rappelant les paysages ensoleill\u00e9s et la riche histoire de Majorque. Chez Ol\u00e9 Mosaic, nous sommes sp\u00e9cialis\u00e9s dans la distribution de souvenirs en c\u00e9ramique en gros, et ce cendrier en forme de salamandre est un excellent choix pour les boutiques de cadeaux touristiques qui souhaitent offrir des articles authentiques et culturels. Chaque pi\u00e8ce t\u00e9moigne de l&rsquo;artisanat local et de la diversit\u00e9 culturelle de l&rsquo;Espagne, ce qui fait de ce cendrier un succ\u00e8s garanti dans n&rsquo;importe quel \u00e9tablissement.   <\/p>\n","protected":false},"excerpt":{"rendered":"<p>Cendrier en c\u00e9ramique de 8 cm d\u00e9cor\u00e9 d&rsquo;une salamandre color\u00e9e, repr\u00e9sentant l&rsquo;essence de Majorque. Ce charmant cendrier artisanal, peint \u00e0 la main, pr\u00e9sente un fond blanc avec des motifs floraux et le mot \u00ab\u00a0MALLORCA\u00a0\u00bb dans des couleurs vives. La salamandre se distingue par un motif g\u00e9om\u00e9trique dans les tons vert, bleu et rouge, compl\u00e9t\u00e9 par des fleurs, cr\u00e9ant un effet visuel attrayant et joyeux. Id\u00e9al comme souvenir ou \u00e9l\u00e9ment d\u00e9coratif pour la maison.   <\/p>\n","protected":false},"featured_media":7737,"template":"","meta":{"_acf_changed":false},"product_brand":[],"product_cat":[584],"product_tag":[530,585],"class_list":{"0":"post-23878","1":"product","2":"type-product","3":"status-publish","4":"has-post-thumbnail","6":"product_cat-cendriers","7":"product_tag-animaux","8":"product_tag-ceramique","9":"pa_ciudad-mallorca","10":"pa_motivo-salamandres","11":"pa_pais-espana","13":"first","14":"instock","15":"shipping-taxable","16":"product-type-simple"},"acf":[],"_links":{"self":[{"href":"https:\/\/olemosaic.com\/fr\/wp-json\/wp\/v2\/product\/23878","targetHints":{"allow":["GET"]}}],"collection":[{"href":"https:\/\/olemosaic.com\/fr\/wp-json\/wp\/v2\/product"}],"about":[{"href":"https:\/\/olemosaic.com\/fr\/wp-json\/wp\/v2\/types\/product"}],"wp:featuredmedia":[{"embeddable":true,"href":"https:\/\/olemosaic.com\/fr\/wp-json\/wp\/v2\/media\/7737"}],"wp:attachment":[{"href":"https:\/\/olemosaic.com\/fr\/wp-json\/wp\/v2\/media?parent=23878"}],"wp:term":[{"taxonomy":"product_brand","embeddable":true,"href":"https:\/\/olemosaic.com\/fr\/wp-json\/wp\/v2\/product_brand?post=23878"},{"taxonomy":"product_cat","embeddable":true,"href":"https:\/\/olemosaic.com\/fr\/wp-json\/wp\/v2\/product_cat?post=23878"},{"taxonomy":"product_tag","embeddable":true,"href":"https:\/\/olemosaic.com\/fr\/wp-json\/wp\/v2\/product_tag?post=23878"}],"curies":[{"name":"wp","href":"https:\/\/api.w.org\/{rel}","templated":true}]}}