{"id":23871,"date":"2025-02-20T22:31:48","date_gmt":"2025-02-20T22:31:48","guid":{"rendered":"https:\/\/olemosaic.com\/producto\/cendrier-en-ceramique-8-cm-salamandre-et-fleurs-barcelone-blanc\/"},"modified":"2025-02-20T22:31:48","modified_gmt":"2025-02-20T21:31:48","slug":"cendrier-en-ceramique-8-cm-salamandre-et-fleurs-barcelone-blanc","status":"publish","type":"product","link":"https:\/\/olemosaic.com\/fr\/produit\/cendrier-en-ceramique-8-cm-salamandre-et-fleurs-barcelone-blanc\/","title":{"rendered":"Cendrier en c\u00e9ramique 8 cm. Salamandre et fleurs. Barcelone. Blanc"},"content":{"rendered":"<p>Ce charmant cendrier en c\u00e9ramique de 8 cm est un souvenir attrayant de Barcelone qui capture l&rsquo;essence vibrante et artistique de la ville. D\u00e9cor\u00e9 d&rsquo;une adorable salamandre dans des tons verts et bleus, cet objet est plac\u00e9 sur un fond blanc qui met en valeur son th\u00e8me contemporain. Autour de la salamandre, une explosion de fleurs rouges, jaunes et bleues ajoute une touche de fra\u00eecheur et d&rsquo;\u00e9clat au design, ce qui en fait un v\u00e9ritable repr\u00e9sentant du style catalan color\u00e9.  <\/p>\n<p>Le design de ce cendrier \u00e9voque les \u0153uvres du c\u00e9l\u00e8bre architecte Antoni Gaud\u00ed, reconnaissable \u00e0 son utilisation de mosa\u00efques et de formes organiques. Ce pr\u00e9cieux souvenir n&rsquo;est pas seulement fonctionnel, il repr\u00e9sente aussi un morceau de la riche culture et du folklore de Barcelone, ce qui en fait un excellent choix pour ceux qui cherchent \u00e0 se souvenir de leur visite dans la ville ou \u00e0 d\u00e9corer leurs espaces avec une touche d&rsquo;art. Chez Ol\u00e9 Mosaic, nous sommes sp\u00e9cialis\u00e9s dans la distribution de souvenirs en gros, en proposant des produits qui refl\u00e8tent l&rsquo;authenticit\u00e9 et la cr\u00e9ativit\u00e9 des traditions les plus enracin\u00e9es. Ce cendrier est un article id\u00e9al pour les boutiques de cadeaux touristiques qui souhaitent offrir \u00e0 leurs clients des souvenirs uniques et repr\u00e9sentatifs de Barcelone, parfaits pour se rem\u00e9morer une exp\u00e9rience inoubliable.   <\/p>\n","protected":false},"excerpt":{"rendered":"<p>Cendrier en c\u00e9ramique de 8 cm, d\u00e9cor\u00e9 d&rsquo;une jolie salamandre et de fleurs color\u00e9es, inspir\u00e9 du style barcelonais. Cet objet \u00e9l\u00e9gant pr\u00e9sente un design vibrant et contemporain, avec un fond blanc qui met en valeur la salamandre dans des tons verts et bleus, entour\u00e9e de fleurs rouges, jaunes et bleues. Parfait pour ajouter une touche d&rsquo;art et de culture catalane \u00e0 n&rsquo;importe quel espace, il est id\u00e9al comme souvenir ou objet de d\u00e9coration.  <\/p>\n","protected":false},"featured_media":8877,"template":"","meta":{"_acf_changed":false},"product_brand":[],"product_cat":[584],"product_tag":[530,585],"class_list":{"0":"post-23871","1":"product","2":"type-product","3":"status-publish","4":"has-post-thumbnail","6":"product_cat-cendriers","7":"product_tag-animaux","8":"product_tag-ceramique","9":"pa_ciudad-barcelona","10":"pa_motivo-salamandres","11":"pa_pais-espana","13":"first","14":"instock","15":"shipping-taxable","16":"product-type-simple"},"acf":[],"_links":{"self":[{"href":"https:\/\/olemosaic.com\/fr\/wp-json\/wp\/v2\/product\/23871","targetHints":{"allow":["GET"]}}],"collection":[{"href":"https:\/\/olemosaic.com\/fr\/wp-json\/wp\/v2\/product"}],"about":[{"href":"https:\/\/olemosaic.com\/fr\/wp-json\/wp\/v2\/types\/product"}],"wp:featuredmedia":[{"embeddable":true,"href":"https:\/\/olemosaic.com\/fr\/wp-json\/wp\/v2\/media\/8877"}],"wp:attachment":[{"href":"https:\/\/olemosaic.com\/fr\/wp-json\/wp\/v2\/media?parent=23871"}],"wp:term":[{"taxonomy":"product_brand","embeddable":true,"href":"https:\/\/olemosaic.com\/fr\/wp-json\/wp\/v2\/product_brand?post=23871"},{"taxonomy":"product_cat","embeddable":true,"href":"https:\/\/olemosaic.com\/fr\/wp-json\/wp\/v2\/product_cat?post=23871"},{"taxonomy":"product_tag","embeddable":true,"href":"https:\/\/olemosaic.com\/fr\/wp-json\/wp\/v2\/product_tag?post=23871"}],"curies":[{"name":"wp","href":"https:\/\/api.w.org\/{rel}","templated":true}]}}