{"id":23860,"date":"2025-02-20T23:31:48","date_gmt":"2025-02-20T22:31:48","guid":{"rendered":"https:\/\/olemosaic.com\/producto\/hibou-figure-en-mosaique-de-6-cm\/"},"modified":"2025-11-21T13:15:31","modified_gmt":"2025-11-21T12:15:31","slug":"hibou-figure-en-mosaique-de-6-cm","status":"publish","type":"product","link":"https:\/\/olemosaic.com\/fr\/produit\/hibou-figure-en-mosaique-de-6-cm\/","title":{"rendered":"Hibou. Figure en mosa\u00efque de 6 cm."},"content":{"rendered":"<p>Ce charmant hibou en r\u00e9sine, d&rsquo;une hauteur de 6 cm, est un souvenir vibrant qui repr\u00e9sente la riche tradition de l&rsquo;artisanat espagnol. Chaque figure semble avoir \u00e9t\u00e9 peinte \u00e0 la main, ce qui garantit que chaque pi\u00e8ce est unique et pleine de caract\u00e8re. Il se distingue par ses grands yeux jaunes qui captivent le regard, et son plumage pr\u00e9sente un \u00e9ventail impressionnant de couleurs : bleu, vert, rouge et jaune, avec un dessin en forme d&rsquo;\u00e9caille qui ajoute de la profondeur et de la texture \u00e0 l&rsquo;objet. Cette \u0153uvre d&rsquo;art n&rsquo;est pas seulement un \u00e9l\u00e9ment d\u00e9coratif attrayant, elle symbolise \u00e9galement la sagesse et la connexion avec la nature, refl\u00e9tant le folklore et la culture espagnols. Id\u00e9al pour embellir n&rsquo;importe quel coin de votre maison, ce hibou est le souvenir parfait pour ceux qui veulent ramener chez eux un morceau authentique de l&rsquo;Espagne. Chez Ol\u00e9 Mosaic, nous sommes sp\u00e9cialis\u00e9s dans la distribution en gros de souvenirs et proposons des produits qui se distinguent par leur qualit\u00e9 et leur authenticit\u00e9. Ce hibou peint \u00e0 la main est un excellent choix pour les boutiques de cadeaux touristiques, car il allie fonctionnalit\u00e9, beaut\u00e9 et une touche culturelle qui ravira les visiteurs. Avec ce hibou en r\u00e9sine, vous transformerez n&rsquo;importe quel espace en un hommage aux traditions artisanales espagnoles.       <\/p>\n","protected":false},"excerpt":{"rendered":"<p>Figurine de hibou de 6 cm, fabriqu\u00e9e et peinte \u00e0 la main, avec des couleurs vives. Cette charmante figurine repr\u00e9sente un hibou aux grands yeux jaunes et au plumage dans les tons bleu, vert, rouge et jaune, mettant en valeur son design d\u00e9taill\u00e9 sous forme d&rsquo;\u00e9cailles. Chaque pi\u00e8ce est unique et refl\u00e8te l&rsquo;artisanat traditionnel, ce qui en fait un beau souvenir du folklore espagnol. Id\u00e9al pour d\u00e9corer n&rsquo;importe quel coin de votre maison.   <\/p>\n","protected":false},"featured_media":8266,"template":"","meta":{"_acf_changed":false},"product_brand":[],"product_cat":[540],"product_tag":[530],"class_list":{"0":"post-23860","1":"product","2":"type-product","3":"status-publish","4":"has-post-thumbnail","6":"product_cat-chiffres","7":"product_tag-animaux","8":"pa_motivo-hiboux","10":"first","11":"instock","12":"shipping-taxable","13":"product-type-simple"},"acf":[],"_links":{"self":[{"href":"https:\/\/olemosaic.com\/fr\/wp-json\/wp\/v2\/product\/23860","targetHints":{"allow":["GET"]}}],"collection":[{"href":"https:\/\/olemosaic.com\/fr\/wp-json\/wp\/v2\/product"}],"about":[{"href":"https:\/\/olemosaic.com\/fr\/wp-json\/wp\/v2\/types\/product"}],"wp:featuredmedia":[{"embeddable":true,"href":"https:\/\/olemosaic.com\/fr\/wp-json\/wp\/v2\/media\/8266"}],"wp:attachment":[{"href":"https:\/\/olemosaic.com\/fr\/wp-json\/wp\/v2\/media?parent=23860"}],"wp:term":[{"taxonomy":"product_brand","embeddable":true,"href":"https:\/\/olemosaic.com\/fr\/wp-json\/wp\/v2\/product_brand?post=23860"},{"taxonomy":"product_cat","embeddable":true,"href":"https:\/\/olemosaic.com\/fr\/wp-json\/wp\/v2\/product_cat?post=23860"},{"taxonomy":"product_tag","embeddable":true,"href":"https:\/\/olemosaic.com\/fr\/wp-json\/wp\/v2\/product_tag?post=23860"}],"curies":[{"name":"wp","href":"https:\/\/api.w.org\/{rel}","templated":true}]}}