{"id":23848,"date":"2025-02-20T23:31:48","date_gmt":"2025-02-20T22:31:48","guid":{"rendered":"https:\/\/olemosaic.com\/producto\/hibou-figure-en-mosaique-de-7-cm\/"},"modified":"2025-11-21T13:15:16","modified_gmt":"2025-11-21T12:15:16","slug":"hibou-figure-en-mosaique-de-7-cm","status":"publish","type":"product","link":"https:\/\/olemosaic.com\/fr\/produit\/hibou-figure-en-mosaique-de-7-cm\/","title":{"rendered":"Hibou. Figure en mosa\u00efque de 7 cm."},"content":{"rendered":"<p>Ce charmant hibou en r\u00e9sine peint \u00e0 la main est un authentique symbole du folklore espagnol, id\u00e9al pour d\u00e9corer n&rsquo;importe quel espace ou comme souvenir repr\u00e9sentatif. D&rsquo;une hauteur de 7 cm, cette figurine se distingue par son design vibrant, qui combine une riche palette de couleurs telles que le jaune, le vert, le bleu et le marron dans une fascinante mosa\u00efque qui orne son plumage. Les grands yeux expressifs et curieux du hibou ajoutent une singularit\u00e9 qui capte l&rsquo;attention et donne du caract\u00e8re \u00e0 la pi\u00e8ce. Cette figure n&rsquo;est pas seulement un objet d\u00e9coratif ; elle refl\u00e8te le savoir-faire artisanal qui caract\u00e9rise la tradition espagnole. La technique de peinture \u00e0 la main souligne l&rsquo;engagement envers la qualit\u00e9 et l&rsquo;authenticit\u00e9, ce qui en fait un cadeau id\u00e9al pour les touristes d\u00e9sireux d&#8217;emporter avec eux un petit morceau d&rsquo;Espagne. Chez Ol\u00e9 Mosaic, nous sommes distributeurs en gros de souvenirs en r\u00e9sine, et ce hibou est un excellent choix pour les boutiques de cadeaux touristiques qui souhaitent offrir des produits culturellement pertinents. Son style artistique et son lien avec le folklore en font un rappel inoubliable du riche patrimoine espagnol.      <\/p>\n","protected":false},"excerpt":{"rendered":"<p>Figurine de hibou, peinte \u00e0 la main, d&rsquo;une hauteur de 7 cm. Ce charmant hibou pr\u00e9sente un design color\u00e9 avec une mosa\u00efque vibrante qui combine des tons jaunes, verts, bleus et bruns dans son plumage. Parfaite comme d\u00e9coration ou souvenir, cette pi\u00e8ce refl\u00e8te l&rsquo;artisanat traditionnel et capture l&rsquo;essence du folklore espagnol. Les grands yeux du hibou ajoutent une touche de curiosit\u00e9 et de caract\u00e8re \u00e0 cette pi\u00e8ce unique.   <\/p>\n","protected":false},"featured_media":6433,"template":"","meta":{"_acf_changed":false},"product_brand":[],"product_cat":[540],"product_tag":[530],"class_list":{"0":"post-23848","1":"product","2":"type-product","3":"status-publish","4":"has-post-thumbnail","6":"product_cat-chiffres","7":"product_tag-animaux","8":"pa_motivo-hiboux","10":"first","11":"instock","12":"shipping-taxable","13":"product-type-simple"},"acf":[],"_links":{"self":[{"href":"https:\/\/olemosaic.com\/fr\/wp-json\/wp\/v2\/product\/23848","targetHints":{"allow":["GET"]}}],"collection":[{"href":"https:\/\/olemosaic.com\/fr\/wp-json\/wp\/v2\/product"}],"about":[{"href":"https:\/\/olemosaic.com\/fr\/wp-json\/wp\/v2\/types\/product"}],"wp:featuredmedia":[{"embeddable":true,"href":"https:\/\/olemosaic.com\/fr\/wp-json\/wp\/v2\/media\/6433"}],"wp:attachment":[{"href":"https:\/\/olemosaic.com\/fr\/wp-json\/wp\/v2\/media?parent=23848"}],"wp:term":[{"taxonomy":"product_brand","embeddable":true,"href":"https:\/\/olemosaic.com\/fr\/wp-json\/wp\/v2\/product_brand?post=23848"},{"taxonomy":"product_cat","embeddable":true,"href":"https:\/\/olemosaic.com\/fr\/wp-json\/wp\/v2\/product_cat?post=23848"},{"taxonomy":"product_tag","embeddable":true,"href":"https:\/\/olemosaic.com\/fr\/wp-json\/wp\/v2\/product_tag?post=23848"}],"curies":[{"name":"wp","href":"https:\/\/api.w.org\/{rel}","templated":true}]}}