{"id":23838,"date":"2025-02-20T23:31:48","date_gmt":"2025-02-20T22:31:48","guid":{"rendered":"https:\/\/olemosaic.com\/producto\/hibou-figure-en-mosaique-de-55-cm\/"},"modified":"2025-02-20T23:31:48","modified_gmt":"2025-02-20T22:31:48","slug":"hibou-figure-en-mosaique-de-55-cm","status":"publish","type":"product","link":"https:\/\/olemosaic.com\/fr\/produit\/hibou-figure-en-mosaique-de-55-cm\/","title":{"rendered":"Hibou. Figure en mosa\u00efque de 5,5 cm."},"content":{"rendered":"<p>V\u00e9ritable souvenir de l&rsquo;Espagne, cette charmante chouette en r\u00e9sine capture l&rsquo;essence de sa culture vibrante. Mesurant 5,5 cm, cette figurine peinte \u00e0 la main pr\u00e9sente un motif color\u00e9 dans une splendide mosa\u00efque de nuances d&rsquo;orange, de bleu, de jaune et de vert. Chaque d\u00e9tail a \u00e9t\u00e9 m\u00e9ticuleusement soign\u00e9 pour souligner son caract\u00e8re unique, ce qui en fait un objet de d\u00e9coration id\u00e9al pour la maison et le bureau. Sa finition vibrante attire non seulement l&rsquo;attention, mais ajoute \u00e9galement une touche artistique et joyeuse \u00e0 tout espace o\u00f9 elle est expos\u00e9e.   <\/p>\n<p>Cette chouette \u00e9voque la riche tradition de l&rsquo;artisanat espagnol et symbolise la sagesse et le myst\u00e8re. Son design, qui rappelle l&rsquo;exub\u00e9rance du folklore espagnol, en fait un cadeau id\u00e9al pour les amoureux de la nature et de la culture. C&rsquo;est un excellent choix pour les boutiques de cadeaux touristiques qui cherchent \u00e0 incorporer des souvenirs authentiques repr\u00e9sentatifs de la r\u00e9gion. Chez Ol\u00e9 MOSAIC, en tant que grossiste en artisanat, nous proposons des souvenirs de qualit\u00e9, et cette figurine de hibou est un parfait exemple de la fa\u00e7on dont chaque pi\u00e8ce peut raconter une histoire, en \u00e9tant non seulement un objet d\u00e9coratif, mais aussi un souvenir plein de signification culturelle.   <\/p>\n","protected":false},"excerpt":{"rendered":"<p>Figurine de hibou de 5,5 cm, r\u00e9alis\u00e9e selon une technique de peinture \u00e0 la main qui met en valeur son caract\u00e8re unique. Cette charmante chouette pr\u00e9sente un motif color\u00e9 en mosa\u00efque dans les tons orange, bleu, jaune et vert, qui \u00e9voque la beaut\u00e9 de la culture espagnole. Id\u00e9al comme objet d\u00e9coratif ou souvenir, sa finition vibrante attire l&rsquo;attention et ajoute une touche artistique \u00e0 n&rsquo;importe quel espace. Un cadeau id\u00e9al pour les amoureux de l&rsquo;artisanat et de la faune.   <\/p>\n","protected":false},"featured_media":6434,"template":"","meta":{"_acf_changed":false},"product_brand":[],"product_cat":[540],"product_tag":[530],"class_list":{"0":"post-23838","1":"product","2":"type-product","3":"status-publish","4":"has-post-thumbnail","6":"product_cat-chiffres","7":"product_tag-animaux","8":"pa_motivo-hiboux","10":"first","11":"instock","12":"shipping-taxable","13":"product-type-simple"},"acf":[],"_links":{"self":[{"href":"https:\/\/olemosaic.com\/fr\/wp-json\/wp\/v2\/product\/23838","targetHints":{"allow":["GET"]}}],"collection":[{"href":"https:\/\/olemosaic.com\/fr\/wp-json\/wp\/v2\/product"}],"about":[{"href":"https:\/\/olemosaic.com\/fr\/wp-json\/wp\/v2\/types\/product"}],"wp:featuredmedia":[{"embeddable":true,"href":"https:\/\/olemosaic.com\/fr\/wp-json\/wp\/v2\/media\/6434"}],"wp:attachment":[{"href":"https:\/\/olemosaic.com\/fr\/wp-json\/wp\/v2\/media?parent=23838"}],"wp:term":[{"taxonomy":"product_brand","embeddable":true,"href":"https:\/\/olemosaic.com\/fr\/wp-json\/wp\/v2\/product_brand?post=23838"},{"taxonomy":"product_cat","embeddable":true,"href":"https:\/\/olemosaic.com\/fr\/wp-json\/wp\/v2\/product_cat?post=23838"},{"taxonomy":"product_tag","embeddable":true,"href":"https:\/\/olemosaic.com\/fr\/wp-json\/wp\/v2\/product_tag?post=23838"}],"curies":[{"name":"wp","href":"https:\/\/api.w.org\/{rel}","templated":true}]}}