{"id":23828,"date":"2025-02-20T23:31:47","date_gmt":"2025-02-20T22:31:47","guid":{"rendered":"https:\/\/olemosaic.com\/producto\/bol-en-noix-de-coco-fuchsia-fleur-motif-en-or\/"},"modified":"2025-11-21T13:15:20","modified_gmt":"2025-11-21T12:15:20","slug":"bol-en-noix-de-coco-fuchsia-fleur-motif-en-or","status":"publish","type":"product","link":"https:\/\/olemosaic.com\/fr\/produit\/bol-en-noix-de-coco-fuchsia-fleur-motif-en-or\/","title":{"rendered":"Bol en noix de coco fuchsia. Fleur.  Motif en or."},"content":{"rendered":"<p>Ce magnifique bol en noix de coco, d&rsquo;un fuchsia \u00e9clatant, est un exemple clair de savoir-faire traditionnel et de style contemporain. Peint \u00e0 la main, il pr\u00e9sente une surface d\u00e9licatement mouchet\u00e9e de rose qui s&rsquo;entrelace avec un motif central dor\u00e9 repr\u00e9sentant une fleur stylis\u00e9e, cr\u00e9ant ainsi un contraste visuel captivant. La forme ronde et la finition brillante du bol lui conf\u00e8rent une touche de modernit\u00e9 et en font un \u00e9l\u00e9ment d\u00e9coratif attrayant pour n&rsquo;importe quelle maison.  <\/p>\n<p>Ce bol est une pi\u00e8ce polyvalente, id\u00e9ale comme centre de table ou pour ranger de petits objets d\u00e9coratifs. Son design unique met en valeur la richesse de l&rsquo;artisanat local et rappelle aux touristes la beaut\u00e9 des produits de la r\u00e9gion. Chaque bol est une \u0153uvre d&rsquo;art en soi, un souvenir qui capture l&rsquo;essence culturelle, repr\u00e9sentant la tradition et le folklore de la r\u00e9gion.  <\/p>\n<p>Chez Ol\u00e9 Mosaic, nous sommes sp\u00e9cialis\u00e9s dans la distribution de souvenirs en gros, offrant des produits authentiques qui relient les touristes au patrimoine culturel de l&rsquo;Espagne. Ce bol \u00e0 noix de coco fuchsia n&rsquo;est pas seulement un accessoire d\u00e9coratif, mais un souvenir significatif qui ravira les visiteurs \u00e0 la recherche de souvenirs de qualit\u00e9 et culturellement pertinents. En tant que grossiste de produits artisanaux, nous garantissons le design, la cr\u00e9ativit\u00e9 et l&rsquo;authenticit\u00e9 de chaque pi\u00e8ce.  <\/p>\n","protected":false},"excerpt":{"rendered":"<p>Bol en noix de coco d&rsquo;un fuchsia \u00e9clatant, orn\u00e9 d&rsquo;un d\u00e9licat motif floral. Cet \u00e9l\u00e9gant bol pr\u00e9sente une surface peinte \u00e0 la main, de mani\u00e8re artisanale, avec des mouchetures roses qui se marient parfaitement avec le motif central dor\u00e9 d&rsquo;une fleur stylis\u00e9e. Sa finition brillante et sa forme arrondie lui conf\u00e8rent une touche moderne et attrayante, id\u00e9ale pour rehausser la beaut\u00e9 de tout espace. Parfait comme centre de table ou pour ranger de petits objets d\u00e9coratifs.   <\/p>\n","protected":false},"featured_media":11856,"template":"","meta":{"_acf_changed":false},"product_brand":[],"product_cat":[521],"product_tag":[],"class_list":{"0":"post-23828","1":"product","2":"type-product","3":"status-publish","4":"has-post-thumbnail","6":"product_cat-bols","7":"pa_motivo-fleurs","9":"first","10":"instock","11":"shipping-taxable","12":"product-type-simple"},"acf":[],"_links":{"self":[{"href":"https:\/\/olemosaic.com\/fr\/wp-json\/wp\/v2\/product\/23828","targetHints":{"allow":["GET"]}}],"collection":[{"href":"https:\/\/olemosaic.com\/fr\/wp-json\/wp\/v2\/product"}],"about":[{"href":"https:\/\/olemosaic.com\/fr\/wp-json\/wp\/v2\/types\/product"}],"wp:featuredmedia":[{"embeddable":true,"href":"https:\/\/olemosaic.com\/fr\/wp-json\/wp\/v2\/media\/11856"}],"wp:attachment":[{"href":"https:\/\/olemosaic.com\/fr\/wp-json\/wp\/v2\/media?parent=23828"}],"wp:term":[{"taxonomy":"product_brand","embeddable":true,"href":"https:\/\/olemosaic.com\/fr\/wp-json\/wp\/v2\/product_brand?post=23828"},{"taxonomy":"product_cat","embeddable":true,"href":"https:\/\/olemosaic.com\/fr\/wp-json\/wp\/v2\/product_cat?post=23828"},{"taxonomy":"product_tag","embeddable":true,"href":"https:\/\/olemosaic.com\/fr\/wp-json\/wp\/v2\/product_tag?post=23828"}],"curies":[{"name":"wp","href":"https:\/\/api.w.org\/{rel}","templated":true}]}}